{"id":28113,"date":"2025-10-22T11:50:48","date_gmt":"2025-10-22T09:50:48","guid":{"rendered":"https:\/\/de.nexis-secure.com\/?page_id=28113"},"modified":"2025-10-22T12:23:16","modified_gmt":"2025-10-22T10:23:16","slug":"identity-without-intelligence-fails-to-deliver-governance","status":"publish","type":"page","link":"https:\/\/de.nexis-secure.com\/services\/webinare\/identity-without-intelligence-fails-to-deliver-governance\/","title":{"rendered":"Webinar &#8211; Identity Without Intelligence Fails to Deliver Governance"},"content":{"rendered":"\t\t<div data-elementor-type=\"wp-page\" data-elementor-id=\"28113\" class=\"elementor elementor-28113\" data-elementor-post-type=\"page\">\n\t\t\t\t<div class=\"elementor-element elementor-element-d1709a0 e-flex e-con-boxed e-con e-parent\" data-id=\"d1709a0\" data-element_type=\"container\">\n\t\t\t\t\t<div class=\"e-con-inner\">\n\t\t<div class=\"elementor-element elementor-element-ab75872 e-con-full e-flex e-con e-child\" data-id=\"ab75872\" data-element_type=\"container\">\n\t\t\t\t<div class=\"elementor-element elementor-element-3bfefaa elementor-widget elementor-widget-image\" data-id=\"3bfefaa\" data-element_type=\"widget\" data-widget_type=\"image.default\">\n\t\t\t\t<div class=\"elementor-widget-container\">\n\t\t\t\t\t\t\t\t\t\t\t\t\t\t\t<img fetchpriority=\"high\" decoding=\"async\" width=\"800\" height=\"450\" src=\"https:\/\/de.nexis-secure.com\/wp-content\/uploads\/sites\/4\/Webinar_Kuppinger_Identity.png\" class=\"attachment-large size-large wp-image-28123\" alt=\"\" srcset=\"https:\/\/de.nexis-secure.com\/wp-content\/uploads\/sites\/4\/Webinar_Kuppinger_Identity.png 1280w, https:\/\/de.nexis-secure.com\/wp-content\/uploads\/sites\/4\/Webinar_Kuppinger_Identity-300x169.png 300w, https:\/\/de.nexis-secure.com\/wp-content\/uploads\/sites\/4\/Webinar_Kuppinger_Identity-768x432.png 768w\" sizes=\"(max-width: 800px) 100vw, 800px\" \/>\t\t\t\t\t\t\t\t\t\t\t\t\t\t\t<\/div>\n\t\t\t\t<\/div>\n\t\t\t\t<div class=\"elementor-element elementor-element-1a0a51d elementor-widget elementor-widget-text-editor\" data-id=\"1a0a51d\" data-element_type=\"widget\" data-widget_type=\"text-editor.default\">\n\t\t\t\t<div class=\"elementor-widget-container\">\n\t\t\t\t\t\t\t\t\t<div class=\"scriptor-paragraph\"><h4><strong>Identity Without Intelligence Fails to Deliver Governance<\/strong><\/h4><p>Die meisten Unternehmen verlassen sich nach wie vor auf isolierte IAM-Tools, die mit manuellen Workarounds zusammengef\u00fcgt werden. Das Ergebnis: blinde Flecken bei Berechtigungen, fragmentierte Governance- und Compliance-Bem\u00fchungen, die auf dem Papier gut aussehen, aber bei genauer Betrachtung versagen. Ohne echte Transparenz \u00fcber Identit\u00e4ten und Berechtigungen sind Unternehmen Risiken ausgesetzt, die sie nicht einmal quantifizieren k\u00f6nnen.<\/p><p>Technologie allein l\u00f6st das Problem nicht, es sei denn, sie ist auf Integration und Intelligenz ausgelegt. Nexis verfolgt einen anderen Ansatz, indem es Identity Visibility and Intelligence (IVIP) direkt in die Identity Fabric einbettet. Anstatt ein weiteres Tool hinzuzuf\u00fcgen, verbindet es IGA, PAM und IDPs zu einem risikobewussten System, das nicht nur L\u00fccken identifiziert, sondern auch Abhilfema\u00dfnahmen und messbare Governance-Ergebnisse vorantreibt.<\/p><p>Martin Kuppinger, Mitbegr\u00fcnder und Principal Analyst bei KuppingerCole, wird argumentieren, dass aktuelle IAM-Strategien unzureichend sind, weil sie Identit\u00e4t als technisches Silo und nicht als Governance-Backbone behandeln. Er wird aufzeigen, warum Unternehmen \u00fcber fragmentierte Tools hinausgehen und Identity Fabrics als Wegbereiter f\u00fcr Transparenz, Vertrauen und strategische Entscheidungsfindung nutzen m\u00fcssen.<\/p><p>Dr. Heiko Klarl, CEO bei Nexis, wird zeigen, wie Nexis den Status quo herausfordert, indem es manuelle IAM-Prozesse eliminiert und versteckte Risiken aufdeckt. Er wird erl\u00e4utern, wie Nexis die Autorisierungs-Governance vereinheitlicht, automatisierte Compliance-Nachweise liefert und IAM in GRC und Enterprise Risk Management integriert. Seine Perspektive wird veranschaulichen, wie IAM sich von einer Kostenstelle zu einem Motor f\u00fcr Vertrauen und Effizienz wandeln kann.<\/p><\/div><p><strong>14. Oktober 2025, 16:00 Uhr (MESZ) | Sprache: Englisch<\/strong><\/p>\t\t\t\t\t\t\t\t<\/div>\n\t\t\t\t<\/div>\n\t\t\t\t<\/div>\n\t\t<div class=\"elementor-element elementor-element-d9a4325 e-con-full e-flex e-con e-child\" data-id=\"d9a4325\" data-element_type=\"container\">\n\t\t\t\t<div class=\"elementor-element elementor-element-bbd04af elementor-widget__width-initial elementor-widget elementor-widget-heading\" data-id=\"bbd04af\" data-element_type=\"widget\" data-widget_type=\"heading.default\">\n\t\t\t\t<div class=\"elementor-widget-container\">\n\t\t\t\t\t<h1 class=\"elementor-heading-title elementor-size-default\">Download Jetzt anfragen<\/h1>\t\t\t\t<\/div>\n\t\t\t\t<\/div>\n\t\t\t\t<div class=\"elementor-element elementor-element-ad249c3 elementor-widget elementor-widget-hubspot-form\" data-id=\"ad249c3\" data-element_type=\"widget\" data-widget_type=\"hubspot-form.default\">\n\t\t\t\t<div class=\"elementor-widget-container\">\n\t\t\t\t\t\n\t\t\t\t\t\t<script>\n\t\t\t\t\t\t\twindow.hsFormsOnReady = window.hsFormsOnReady || [];\n\t\t\t\t\t\t\twindow.hsFormsOnReady.push(()=>{\n\t\t\t\t\t\t\t\thbspt.forms.create({\n\t\t\t\t\t\t\t\t\tportalId: 145704772,\n\t\t\t\t\t\t\t\t\tformId: \"53c8e78e-f839-4c65-93e2-ee8042a969d1\",\n\t\t\t\t\t\t\t\t\ttarget: \"#hbspt-form-1775644674000-9407376830\",\n\t\t\t\t\t\t\t\t\tregion: \"eu1\",\n\t\t\t\t\t\t\t\t\t\n\t\t\t\t\t\t\t})});\n\t\t\t\t\t\t<\/script>\n\t\t\t\t\t\t<div class=\"hbspt-form\" id=\"hbspt-form-1775644674000-9407376830\"><\/div>\t\t\t\t<\/div>\n\t\t\t\t<\/div>\n\t\t\t\t<\/div>\n\t\t\t\t\t<\/div>\n\t\t\t\t<\/div>\n\t\t<div class=\"elementor-element elementor-element-69b2bad e-con-full e-flex e-con e-child\" data-id=\"69b2bad\" data-element_type=\"container\">\n\t\t\t\t<div class=\"elementor-element elementor-element-5bc9a2c elementor-widget elementor-widget-heading\" data-id=\"5bc9a2c\" data-element_type=\"widget\" data-widget_type=\"heading.default\">\n\t\t\t\t<div class=\"elementor-widget-container\">\n\t\t\t\t\t<h2 class=\"elementor-heading-title elementor-size-default\"><span data-teams=\"true\"><strong>Diese Unternehmen verlassen sich auf NEXIS<\/strong><\/span><\/h2>\t\t\t\t<\/div>\n\t\t\t\t<\/div>\n\t\t\t\t<div class=\"elementor-element elementor-element-41f3b8e elementor-skin-carousel elementor-widget elementor-widget-media-carousel\" data-id=\"41f3b8e\" data-element_type=\"widget\" data-settings=\"{&quot;slides_per_view&quot;:&quot;6&quot;,&quot;speed&quot;:800,&quot;autoplay_speed&quot;:400,&quot;space_between&quot;:{&quot;unit&quot;:&quot;px&quot;,&quot;size&quot;:50,&quot;sizes&quot;:[]},&quot;slides_to_scroll&quot;:&quot;1&quot;,&quot;skin&quot;:&quot;carousel&quot;,&quot;effect&quot;:&quot;slide&quot;,&quot;autoplay&quot;:&quot;yes&quot;,&quot;loop&quot;:&quot;yes&quot;,&quot;pause_on_hover&quot;:&quot;yes&quot;,&quot;pause_on_interaction&quot;:&quot;yes&quot;,&quot;space_between_tablet&quot;:{&quot;unit&quot;:&quot;px&quot;,&quot;size&quot;:10,&quot;sizes&quot;:[]},&quot;space_between_mobile&quot;:{&quot;unit&quot;:&quot;px&quot;,&quot;size&quot;:10,&quot;sizes&quot;:[]}}\" data-widget_type=\"media-carousel.default\">\n\t\t\t\t<div class=\"elementor-widget-container\">\n\t\t\t\t\t\t\t\t\t<div class=\"elementor-swiper\">\n\t\t\t\t\t<div class=\"elementor-main-swiper swiper\" role=\"region\" aria-roledescription=\"carousel\" aria-label=\"Nexis-Kunde-Logoslider\">\n\t\t\t\t<div class=\"swiper-wrapper\">\n\t\t\t\t\t\t\t\t\t\t\t<div class=\"swiper-slide\" role=\"group\" aria-roledescription=\"slide\">\n\t\t\t\t\t\t\t\t\t<div class=\"elementor-carousel-image\" role=\"img\" aria-label=\"NEXIS Kunden: AXA\" style=\"background-image: url(&#039;https:\/\/de.nexis-secure.com\/wp-content\/uploads\/sites\/4\/NEXIS_Kunden_axa.svg&#039;)\">\n\n\t\t\t\n\t\t\t\t\t<\/div>\n\t\t\t\t\t\t\t\t<\/div>\n\t\t\t\t\t\t\t\t\t\t\t<div class=\"swiper-slide\" role=\"group\" aria-roledescription=\"slide\">\n\t\t\t\t\t\t\t\t\t<div class=\"elementor-carousel-image\" role=\"img\" aria-label=\"NEXIS |\u00a0Kunden |\u00a0BSS |\u00a0Beiersdorf\" style=\"background-image: url(&#039;https:\/\/de.nexis-secure.com\/wp-content\/uploads\/sites\/4\/Nexis_Kunden_BSS.png&#039;)\">\n\n\t\t\t\n\t\t\t\t\t<\/div>\n\t\t\t\t\t\t\t\t<\/div>\n\t\t\t\t\t\t\t\t\t\t\t<div class=\"swiper-slide\" role=\"group\" aria-roledescription=\"slide\">\n\t\t\t\t\t\t\t\t\t<div class=\"elementor-carousel-image\" role=\"img\" aria-label=\"NEXIS Kunden: DAK - Gesundheit ein Leben lang\" style=\"background-image: url(&#039;https:\/\/de.nexis-secure.com\/wp-content\/uploads\/sites\/4\/NEXIS_Kunden_DAK.png&#039;)\">\n\n\t\t\t\n\t\t\t\t\t<\/div>\n\t\t\t\t\t\t\t\t<\/div>\n\t\t\t\t\t\t\t\t\t\t\t<div class=\"swiper-slide\" role=\"group\" aria-roledescription=\"slide\">\n\t\t\t\t\t\t\t\t\t<div class=\"elementor-carousel-image\" role=\"img\" aria-label=\"NEXIS |\u00a0Kunden |\u00a0DEVK\" style=\"background-image: url(&#039;https:\/\/de.nexis-secure.com\/wp-content\/uploads\/sites\/4\/Nexis_Kunden_DEVK.png&#039;)\">\n\n\t\t\t\n\t\t\t\t\t<\/div>\n\t\t\t\t\t\t\t\t<\/div>\n\t\t\t\t\t\t\t\t\t\t\t<div class=\"swiper-slide\" role=\"group\" aria-roledescription=\"slide\">\n\t\t\t\t\t\t\t\t\t<div class=\"elementor-carousel-image\" role=\"img\" aria-label=\"NEXIS | Kunde | dm\" style=\"background-image: url(&#039;https:\/\/de.nexis-secure.com\/wp-content\/uploads\/sites\/4\/dm_LogoKonturClaim_RGB_pos.png&#039;)\">\n\n\t\t\t\n\t\t\t\t\t<\/div>\n\t\t\t\t\t\t\t\t<\/div>\n\t\t\t\t\t\t\t\t\t\t\t<div class=\"swiper-slide\" role=\"group\" aria-roledescription=\"slide\">\n\t\t\t\t\t\t\t\t\t<div class=\"elementor-carousel-image\" role=\"img\" aria-label=\"NEXIS Kunde: Post Schweiz\" style=\"background-image: url(&#039;https:\/\/de.nexis-secure.com\/wp-content\/uploads\/sites\/4\/Post-CH_neu.svg&#039;)\">\n\n\t\t\t\n\t\t\t\t\t<\/div>\n\t\t\t\t\t\t\t\t<\/div>\n\t\t\t\t\t\t\t\t\t\t\t<div class=\"swiper-slide\" role=\"group\" aria-roledescription=\"slide\">\n\t\t\t\t\t\t\t\t\t<div class=\"elementor-carousel-image\" role=\"img\" aria-label=\"NEXIS |\u00a0Kunden |\u00a0DZ Bank\" style=\"background-image: url(&#039;https:\/\/de.nexis-secure.com\/wp-content\/uploads\/sites\/4\/Nexis_Kunden_DZ-Bank.png&#039;)\">\n\n\t\t\t\n\t\t\t\t\t<\/div>\n\t\t\t\t\t\t\t\t<\/div>\n\t\t\t\t\t\t\t\t\t\t\t<div class=\"swiper-slide\" role=\"group\" aria-roledescription=\"slide\">\n\t\t\t\t\t\t\t\t\t<div class=\"elementor-carousel-image\" role=\"img\" aria-label=\"NEXIS Kunden: Finanz Informatik Technologie Service\" style=\"background-image: url(&#039;https:\/\/de.nexis-secure.com\/wp-content\/uploads\/sites\/4\/NEXIS_Kunden_FI-TS.svg&#039;)\">\n\n\t\t\t\n\t\t\t\t\t<\/div>\n\t\t\t\t\t\t\t\t<\/div>\n\t\t\t\t\t\t\t\t\t\t\t<div class=\"swiper-slide\" role=\"group\" aria-roledescription=\"slide\">\n\t\t\t\t\t\t\t\t\t<div class=\"elementor-carousel-image\" role=\"img\" aria-label=\"HCOB Logo\" style=\"background-image: url(&#039;https:\/\/de.nexis-secure.com\/wp-content\/uploads\/sites\/4\/HCOB_Logo_RZ_pos_RGB.png&#039;)\">\n\n\t\t\t\n\t\t\t\t\t<\/div>\n\t\t\t\t\t\t\t\t<\/div>\n\t\t\t\t\t\t\t\t\t\t\t<div class=\"swiper-slide\" role=\"group\" aria-roledescription=\"slide\">\n\t\t\t\t\t\t\t\t\t<div class=\"elementor-carousel-image\" role=\"img\" aria-label=\"HUK-Coburg\" style=\"background-image: url(&#039;https:\/\/de.nexis-secure.com\/wp-content\/uploads\/sites\/4\/Logo_Neu_Reinzeichnung.png&#039;)\">\n\n\t\t\t\n\t\t\t\t\t<\/div>\n\t\t\t\t\t\t\t\t<\/div>\n\t\t\t\t\t\t\t\t\t\t\t<div class=\"swiper-slide\" role=\"group\" aria-roledescription=\"slide\">\n\t\t\t\t\t\t\t\t\t<div class=\"elementor-carousel-image\" role=\"img\" aria-label=\"NEXIS |\u00a0Kunden |\u00a0Infineon\" style=\"background-image: url(&#039;https:\/\/de.nexis-secure.com\/wp-content\/uploads\/sites\/4\/Nexis_Kunden_Infineon.png&#039;)\">\n\n\t\t\t\n\t\t\t\t\t<\/div>\n\t\t\t\t\t\t\t\t<\/div>\n\t\t\t\t\t\t\t\t\t\t\t<div class=\"swiper-slide\" role=\"group\" aria-roledescription=\"slide\">\n\t\t\t\t\t\t\t\t\t<div class=\"elementor-carousel-image\" role=\"img\" aria-label=\"NEXIS 4 |\u00a0Kunden |\u00a0Krones\" style=\"background-image: url(&#039;https:\/\/de.nexis-secure.com\/wp-content\/uploads\/sites\/4\/Nexis_Kunden_Krones.png&#039;)\">\n\n\t\t\t\n\t\t\t\t\t<\/div>\n\t\t\t\t\t\t\t\t<\/div>\n\t\t\t\t\t\t\t\t\t\t\t<div class=\"swiper-slide\" role=\"group\" aria-roledescription=\"slide\">\n\t\t\t\t\t\t\t\t\t<div class=\"elementor-carousel-image\" role=\"img\" aria-label=\"NEXIS | Kunde | Union Investment\" style=\"background-image: url(&#039;https:\/\/de.nexis-secure.com\/wp-content\/uploads\/sites\/4\/UI_Logo_RGB-1024x309.png&#039;)\">\n\n\t\t\t\n\t\t\t\t\t<\/div>\n\t\t\t\t\t\t\t\t<\/div>\n\t\t\t\t\t\t\t\t\t\t\t<div class=\"swiper-slide\" role=\"group\" aria-roledescription=\"slide\">\n\t\t\t\t\t\t\t\t\t<div class=\"elementor-carousel-image\" role=\"img\" aria-label=\"NEXIS Kunde Viseca\" style=\"background-image: url(&#039;https:\/\/de.nexis-secure.com\/wp-content\/uploads\/sites\/4\/L_VIS_PaymentServices_MCV_4f_rgb_2207.png&#039;)\">\n\n\t\t\t\n\t\t\t\t\t<\/div>\n\t\t\t\t\t\t\t\t<\/div>\n\t\t\t\t\t\t\t\t\t\t\t<div class=\"swiper-slide\" role=\"group\" aria-roledescription=\"slide\">\n\t\t\t\t\t\t\t\t\t<div class=\"elementor-carousel-image\" role=\"img\" aria-label=\"Vontobel\" style=\"background-image: url(&#039;https:\/\/de.nexis-secure.com\/wp-content\/uploads\/sites\/4\/Vontobel_RGB_graphite.png&#039;)\">\n\n\t\t\t\n\t\t\t\t\t<\/div>\n\t\t\t\t\t\t\t\t<\/div>\n\t\t\t\t\t\t\t\t\t\t\t<div class=\"swiper-slide\" role=\"group\" aria-roledescription=\"slide\">\n\t\t\t\t\t\t\t\t\t<div class=\"elementor-carousel-image\" role=\"img\" aria-label=\"NEXIS |\u00a0Kunden |\u00a0W\u00fcstenrot |\u00a0W\u00fcrttembergische\" style=\"background-image: url(&#039;https:\/\/de.nexis-secure.com\/wp-content\/uploads\/sites\/4\/Nexis_Kunden_W-und-W.png&#039;)\">\n\n\t\t\t\n\t\t\t\t\t<\/div>\n\t\t\t\t\t\t\t\t<\/div>\n\t\t\t\t\t\t\t\t\t\t\t<div class=\"swiper-slide\" role=\"group\" aria-roledescription=\"slide\">\n\t\t\t\t\t\t\t\t\t<div class=\"elementor-carousel-image\" role=\"img\" aria-label=\"Swisscom_Logo\" style=\"background-image: url(&#039;https:\/\/de.nexis-secure.com\/wp-content\/uploads\/sites\/4\/Swisscom_Logo.webp&#039;)\">\n\n\t\t\t\n\t\t\t\t\t<\/div>\n\t\t\t\t\t\t\t\t<\/div>\n\t\t\t\t\t\t\t\t\t\t\t<div class=\"swiper-slide\" role=\"group\" aria-roledescription=\"slide\">\n\t\t\t\t\t\t\t\t\t<div class=\"elementor-carousel-image\" role=\"img\" aria-label=\"helvetia-logo\" style=\"background-image: url(&#039;https:\/\/de.nexis-secure.com\/wp-content\/uploads\/sites\/4\/helvetia-logo.png&#039;)\">\n\n\t\t\t\n\t\t\t\t\t<\/div>\n\t\t\t\t\t\t\t\t<\/div>\n\t\t\t\t\t\t\t\t\t<\/div>\n\t\t\t\t\t\t\t\t\t\t\t\t\t\t\t\t\t\t\t\t\t<\/div>\n\t\t\t\t<\/div>\n\t\t\t\t\t\t\t\t<\/div>\n\t\t\t\t<\/div>\n\t\t\t\t<\/div>\n\t\t\t\t<\/div>\n\t\t","protected":false},"excerpt":{"rendered":"<p>Identity Without Intelligence Fails to Deliver Governance Die meisten Unternehmen verlassen sich nach wie vor auf isolierte IAM-Tools, die mit manuellen Workarounds zusammengef\u00fcgt werden. Das Ergebnis: blinde Flecken bei Berechtigungen, [&hellip;]<\/p>\n","protected":false},"author":24,"featured_media":0,"parent":246,"menu_order":0,"comment_status":"closed","ping_status":"closed","template":"","meta":{"_acf_changed":false,"content-type":"","footnotes":""},"class_list":["post-28113","page","type-page","status-publish","hentry"],"acf":[],"yoast_head":"<!-- This site is optimized with the Yoast SEO plugin v25.8 - https:\/\/yoast.com\/wordpress\/plugins\/seo\/ -->\n<title>Identity Without Intelligence Fails to Deliver Governance<\/title>\n<meta name=\"robots\" content=\"index, follow, max-snippet:-1, max-image-preview:large, max-video-preview:-1\" \/>\n<link rel=\"canonical\" href=\"https:\/\/de.nexis-secure.com\/de\/services\/webinare\/identity-without-intelligence-fails-to-deliver-governance\/\" \/>\n<meta property=\"og:locale\" content=\"en_US\" \/>\n<meta property=\"og:type\" content=\"article\" \/>\n<meta property=\"og:title\" content=\"Identity Without Intelligence Fails to Deliver Governance\" \/>\n<meta property=\"og:description\" content=\"Identity Without Intelligence Fails to Deliver Governance Die meisten Unternehmen verlassen sich nach wie vor auf isolierte IAM-Tools, die mit manuellen Workarounds zusammengef\u00fcgt werden. Das Ergebnis: blinde Flecken bei Berechtigungen, [&hellip;]\" \/>\n<meta property=\"og:url\" content=\"https:\/\/de.nexis-secure.com\/services\/webinare\/identity-without-intelligence-fails-to-deliver-governance\/\" \/>\n<meta property=\"og:site_name\" content=\"NEXIS - Enter a new level of Enterprise Authorization Governance\" \/>\n<meta property=\"article:modified_time\" content=\"2025-10-22T10:23:16+00:00\" \/>\n<meta property=\"og:image\" content=\"https:\/\/de.nexis-secure.com\/wp-content\/uploads\/sites\/4\/Webinar_Kuppinger_Identity.png\" \/>\n<meta name=\"twitter:card\" content=\"summary_large_image\" \/>\n<meta name=\"twitter:label1\" content=\"Est. reading time\" \/>\n\t<meta name=\"twitter:data1\" content=\"2 minutes\" \/>\n<script type=\"application\/ld+json\" class=\"yoast-schema-graph\">{\"@context\":\"https:\/\/schema.org\",\"@graph\":[{\"@type\":\"WebPage\",\"@id\":\"https:\/\/de.nexis-secure.com\/services\/webinare\/identity-without-intelligence-fails-to-deliver-governance\/\",\"url\":\"https:\/\/de.nexis-secure.com\/services\/webinare\/identity-without-intelligence-fails-to-deliver-governance\/\",\"name\":\"Identity Without Intelligence Fails to Deliver Governance\",\"isPartOf\":{\"@id\":\"https:\/\/de.nexis-secure.com\/de\/#website\"},\"primaryImageOfPage\":{\"@id\":\"https:\/\/de.nexis-secure.com\/services\/webinare\/identity-without-intelligence-fails-to-deliver-governance\/#primaryimage\"},\"image\":{\"@id\":\"https:\/\/de.nexis-secure.com\/services\/webinare\/identity-without-intelligence-fails-to-deliver-governance\/#primaryimage\"},\"thumbnailUrl\":\"https:\/\/de.nexis-secure.com\/wp-content\/uploads\/sites\/4\/Webinar_Kuppinger_Identity.png\",\"datePublished\":\"2025-10-22T09:50:48+00:00\",\"dateModified\":\"2025-10-22T10:23:16+00:00\",\"breadcrumb\":{\"@id\":\"https:\/\/de.nexis-secure.com\/services\/webinare\/identity-without-intelligence-fails-to-deliver-governance\/#breadcrumb\"},\"inLanguage\":\"en-US\",\"potentialAction\":[{\"@type\":\"ReadAction\",\"target\":[\"https:\/\/de.nexis-secure.com\/services\/webinare\/identity-without-intelligence-fails-to-deliver-governance\/\"]}]},{\"@type\":\"ImageObject\",\"inLanguage\":\"en-US\",\"@id\":\"https:\/\/de.nexis-secure.com\/services\/webinare\/identity-without-intelligence-fails-to-deliver-governance\/#primaryimage\",\"url\":\"https:\/\/de.nexis-secure.com\/wp-content\/uploads\/sites\/4\/Webinar_Kuppinger_Identity.png\",\"contentUrl\":\"https:\/\/de.nexis-secure.com\/wp-content\/uploads\/sites\/4\/Webinar_Kuppinger_Identity.png\"},{\"@type\":\"BreadcrumbList\",\"@id\":\"https:\/\/de.nexis-secure.com\/services\/webinare\/identity-without-intelligence-fails-to-deliver-governance\/#breadcrumb\",\"itemListElement\":[{\"@type\":\"ListItem\",\"position\":1,\"name\":\"Startseite\",\"item\":\"https:\/\/de.nexis-secure.com\/\"},{\"@type\":\"ListItem\",\"position\":2,\"name\":\"Services\",\"item\":\"https:\/\/de.nexis-secure.com\/services\/\"},{\"@type\":\"ListItem\",\"position\":3,\"name\":\"Webinare\",\"item\":\"https:\/\/de.nexis-secure.com\/services\/webinare\/\"},{\"@type\":\"ListItem\",\"position\":4,\"name\":\"Webinar &#8211; Identity Without Intelligence Fails to Deliver Governance\"}]},{\"@type\":\"WebSite\",\"@id\":\"https:\/\/de.nexis-secure.com\/de\/#website\",\"url\":\"https:\/\/de.nexis-secure.com\/de\/\",\"name\":\"NEXIS - Enter a new level of Enterprise Authorization Governance\",\"description\":\"\",\"publisher\":{\"@id\":\"https:\/\/de.nexis-secure.com\/de\/#organization\"},\"potentialAction\":[{\"@type\":\"SearchAction\",\"target\":{\"@type\":\"EntryPoint\",\"urlTemplate\":\"https:\/\/de.nexis-secure.com\/de\/?s={search_term_string}\"},\"query-input\":{\"@type\":\"PropertyValueSpecification\",\"valueRequired\":true,\"valueName\":\"search_term_string\"}}],\"inLanguage\":\"en-US\"},{\"@type\":\"Organization\",\"@id\":\"https:\/\/de.nexis-secure.com\/de\/#organization\",\"name\":\"NEXIS - Enter a new level of Enterprise Authorization Governance\",\"url\":\"https:\/\/de.nexis-secure.com\/de\/\",\"logo\":{\"@type\":\"ImageObject\",\"inLanguage\":\"en-US\",\"@id\":\"https:\/\/de.nexis-secure.com\/de\/#\/schema\/logo\/image\/\",\"url\":\"https:\/\/de.nexis-secure.com\/wp-content\/uploads\/sites\/4\/2021_NEXIS_Logo.svg\",\"contentUrl\":\"https:\/\/de.nexis-secure.com\/wp-content\/uploads\/sites\/4\/2021_NEXIS_Logo.svg\",\"width\":2820,\"height\":622,\"caption\":\"NEXIS - Enter a new level of Enterprise Authorization Governance\"},\"image\":{\"@id\":\"https:\/\/de.nexis-secure.com\/de\/#\/schema\/logo\/image\/\"}}]}<\/script>\n<!-- \/ Yoast SEO plugin. -->","yoast_head_json":{"title":"Identity Without Intelligence Fails to Deliver Governance","robots":{"index":"index","follow":"follow","max-snippet":"max-snippet:-1","max-image-preview":"max-image-preview:large","max-video-preview":"max-video-preview:-1"},"canonical":"https:\/\/de.nexis-secure.com\/de\/services\/webinare\/identity-without-intelligence-fails-to-deliver-governance\/","og_locale":"en_US","og_type":"article","og_title":"Identity Without Intelligence Fails to Deliver Governance","og_description":"Identity Without Intelligence Fails to Deliver Governance Die meisten Unternehmen verlassen sich nach wie vor auf isolierte IAM-Tools, die mit manuellen Workarounds zusammengef\u00fcgt werden. Das Ergebnis: blinde Flecken bei Berechtigungen, [&hellip;]","og_url":"https:\/\/de.nexis-secure.com\/services\/webinare\/identity-without-intelligence-fails-to-deliver-governance\/","og_site_name":"NEXIS - Enter a new level of Enterprise Authorization Governance","article_modified_time":"2025-10-22T10:23:16+00:00","og_image":[{"url":"https:\/\/de.nexis-secure.com\/wp-content\/uploads\/sites\/4\/Webinar_Kuppinger_Identity.png","type":"","width":"","height":""}],"twitter_card":"summary_large_image","twitter_misc":{"Est. reading time":"2 minutes"},"schema":{"@context":"https:\/\/schema.org","@graph":[{"@type":"WebPage","@id":"https:\/\/de.nexis-secure.com\/services\/webinare\/identity-without-intelligence-fails-to-deliver-governance\/","url":"https:\/\/de.nexis-secure.com\/services\/webinare\/identity-without-intelligence-fails-to-deliver-governance\/","name":"Identity Without Intelligence Fails to Deliver Governance","isPartOf":{"@id":"https:\/\/de.nexis-secure.com\/de\/#website"},"primaryImageOfPage":{"@id":"https:\/\/de.nexis-secure.com\/services\/webinare\/identity-without-intelligence-fails-to-deliver-governance\/#primaryimage"},"image":{"@id":"https:\/\/de.nexis-secure.com\/services\/webinare\/identity-without-intelligence-fails-to-deliver-governance\/#primaryimage"},"thumbnailUrl":"https:\/\/de.nexis-secure.com\/wp-content\/uploads\/sites\/4\/Webinar_Kuppinger_Identity.png","datePublished":"2025-10-22T09:50:48+00:00","dateModified":"2025-10-22T10:23:16+00:00","breadcrumb":{"@id":"https:\/\/de.nexis-secure.com\/services\/webinare\/identity-without-intelligence-fails-to-deliver-governance\/#breadcrumb"},"inLanguage":"en-US","potentialAction":[{"@type":"ReadAction","target":["https:\/\/de.nexis-secure.com\/services\/webinare\/identity-without-intelligence-fails-to-deliver-governance\/"]}]},{"@type":"ImageObject","inLanguage":"en-US","@id":"https:\/\/de.nexis-secure.com\/services\/webinare\/identity-without-intelligence-fails-to-deliver-governance\/#primaryimage","url":"https:\/\/de.nexis-secure.com\/wp-content\/uploads\/sites\/4\/Webinar_Kuppinger_Identity.png","contentUrl":"https:\/\/de.nexis-secure.com\/wp-content\/uploads\/sites\/4\/Webinar_Kuppinger_Identity.png"},{"@type":"BreadcrumbList","@id":"https:\/\/de.nexis-secure.com\/services\/webinare\/identity-without-intelligence-fails-to-deliver-governance\/#breadcrumb","itemListElement":[{"@type":"ListItem","position":1,"name":"Startseite","item":"https:\/\/de.nexis-secure.com\/"},{"@type":"ListItem","position":2,"name":"Services","item":"https:\/\/de.nexis-secure.com\/services\/"},{"@type":"ListItem","position":3,"name":"Webinare","item":"https:\/\/de.nexis-secure.com\/services\/webinare\/"},{"@type":"ListItem","position":4,"name":"Webinar &#8211; Identity Without Intelligence Fails to Deliver Governance"}]},{"@type":"WebSite","@id":"https:\/\/de.nexis-secure.com\/de\/#website","url":"https:\/\/de.nexis-secure.com\/de\/","name":"NEXIS - Enter a new level of Enterprise Authorization Governance","description":"","publisher":{"@id":"https:\/\/de.nexis-secure.com\/de\/#organization"},"potentialAction":[{"@type":"SearchAction","target":{"@type":"EntryPoint","urlTemplate":"https:\/\/de.nexis-secure.com\/de\/?s={search_term_string}"},"query-input":{"@type":"PropertyValueSpecification","valueRequired":true,"valueName":"search_term_string"}}],"inLanguage":"en-US"},{"@type":"Organization","@id":"https:\/\/de.nexis-secure.com\/de\/#organization","name":"NEXIS - Enter a new level of Enterprise Authorization Governance","url":"https:\/\/de.nexis-secure.com\/de\/","logo":{"@type":"ImageObject","inLanguage":"en-US","@id":"https:\/\/de.nexis-secure.com\/de\/#\/schema\/logo\/image\/","url":"https:\/\/de.nexis-secure.com\/wp-content\/uploads\/sites\/4\/2021_NEXIS_Logo.svg","contentUrl":"https:\/\/de.nexis-secure.com\/wp-content\/uploads\/sites\/4\/2021_NEXIS_Logo.svg","width":2820,"height":622,"caption":"NEXIS - Enter a new level of Enterprise Authorization Governance"},"image":{"@id":"https:\/\/de.nexis-secure.com\/de\/#\/schema\/logo\/image\/"}}]}},"_links":{"self":[{"href":"https:\/\/de.nexis-secure.com\/de\/wp-json\/wp\/v2\/pages\/28113","targetHints":{"allow":["GET"]}}],"collection":[{"href":"https:\/\/de.nexis-secure.com\/de\/wp-json\/wp\/v2\/pages"}],"about":[{"href":"https:\/\/de.nexis-secure.com\/de\/wp-json\/wp\/v2\/types\/page"}],"author":[{"embeddable":true,"href":"https:\/\/de.nexis-secure.com\/de\/wp-json\/wp\/v2\/users\/24"}],"replies":[{"embeddable":true,"href":"https:\/\/de.nexis-secure.com\/de\/wp-json\/wp\/v2\/comments?post=28113"}],"version-history":[{"count":7,"href":"https:\/\/de.nexis-secure.com\/de\/wp-json\/wp\/v2\/pages\/28113\/revisions"}],"predecessor-version":[{"id":28129,"href":"https:\/\/de.nexis-secure.com\/de\/wp-json\/wp\/v2\/pages\/28113\/revisions\/28129"}],"up":[{"embeddable":true,"href":"https:\/\/de.nexis-secure.com\/de\/wp-json\/wp\/v2\/pages\/246"}],"wp:attachment":[{"href":"https:\/\/de.nexis-secure.com\/de\/wp-json\/wp\/v2\/media?parent=28113"}],"curies":[{"name":"wp","href":"https:\/\/api.w.org\/{rel}","templated":true}]}}