{"id":27623,"date":"2025-09-16T11:28:50","date_gmt":"2025-09-16T09:28:50","guid":{"rendered":"https:\/\/de.nexis-secure.com\/?page_id=27623"},"modified":"2025-10-01T17:34:12","modified_gmt":"2025-10-01T15:34:12","slug":"nexis-4-roadmap","status":"publish","type":"page","link":"https:\/\/de.nexis-secure.com\/services\/webinare\/nexis-4-roadmap\/","title":{"rendered":"Webinar &#8211; NEXIS 4 Roadmap"},"content":{"rendered":"\t\t<div data-elementor-type=\"wp-page\" data-elementor-id=\"27623\" class=\"elementor elementor-27623\" data-elementor-post-type=\"page\">\n\t\t\t\t<div class=\"elementor-element elementor-element-d1709a0 e-flex e-con-boxed e-con e-parent\" data-id=\"d1709a0\" data-element_type=\"container\">\n\t\t\t\t\t<div class=\"e-con-inner\">\n\t\t<div class=\"elementor-element elementor-element-ab75872 e-con-full e-flex e-con e-child\" data-id=\"ab75872\" data-element_type=\"container\">\n\t\t\t\t<div class=\"elementor-element elementor-element-3bfefaa elementor-widget elementor-widget-image\" data-id=\"3bfefaa\" data-element_type=\"widget\" data-widget_type=\"image.default\">\n\t\t\t\t<div class=\"elementor-widget-container\">\n\t\t\t\t\t\t\t\t\t\t\t\t\t\t\t<img fetchpriority=\"high\" decoding=\"async\" width=\"800\" height=\"419\" src=\"https:\/\/de.nexis-secure.com\/wp-content\/uploads\/sites\/4\/20250916_WebinarFeatures.png\" class=\"attachment-large size-large wp-image-27626\" alt=\"\" srcset=\"https:\/\/de.nexis-secure.com\/wp-content\/uploads\/sites\/4\/20250916_WebinarFeatures.png 1200w, https:\/\/de.nexis-secure.com\/wp-content\/uploads\/sites\/4\/20250916_WebinarFeatures-300x157.png 300w, https:\/\/de.nexis-secure.com\/wp-content\/uploads\/sites\/4\/20250916_WebinarFeatures-768x402.png 768w\" sizes=\"(max-width: 800px) 100vw, 800px\" \/>\t\t\t\t\t\t\t\t\t\t\t\t\t\t\t<\/div>\n\t\t\t\t<\/div>\n\t\t\t\t<div class=\"elementor-element elementor-element-1a0a51d elementor-widget elementor-widget-text-editor\" data-id=\"1a0a51d\" data-element_type=\"widget\" data-widget_type=\"text-editor.default\">\n\t\t\t\t<div class=\"elementor-widget-container\">\n\t\t\t\t\t\t\t\t\t<div class=\"scriptor-paragraph\">\n<p><strong>Governance at Full Speed: The NEXIS 4 Roadmap<\/strong><\/p>\n<p>Entdecken Sie, wie NEXIS 4, unsere Identity Visibility &amp; Intelligence Platform (IVIP), Autorisierung und Governance transparent, effizient und zukunftsf\u00e4hig macht. Mit seiner Zero-Code-Einfachheit hilft es Unternehmen, die Komplexit\u00e4t von IAM, Richtlinien, Rollen und Berechtigungen \u00fcber den gesamten Lebenszyklus hinweg zu bew\u00e4ltigen \u2013 von der Erstellung \u00fcber die Zuweisung bis hin zur Rezertifizierung &#8211; mit revisionssicherer Dokumentation.<\/p>\n<p>Begleiten Sie CEO Dr. Heiko Klarl, COO Dr. Michael Kunz und CTO Dr. Matthias Hummer, wenn sie exklusive Einblicke in die NEXIS 4-Hauptversion und die Roadmap geben.<\/p>\n<p>Erfahren Sie, wie neue Funktionen die Identit\u00e4ts-Governance, Sicherheit und das Risikomanagement neu definieren \u2013 indem sie Vertrauen schaffen, die Effizienz steigern und nachhaltige Compliance gew\u00e4hrleisten.<\/p>\n<p>Es geht nicht nur um Technologie &#8211; es geht darum, <strong>Vertrauen zu schaffen, die Effizienz zu steigern und Compliance nachhaltig zu sichern.<\/strong><\/p>\n<p>\u00a0<\/p>\n<p><strong>Was haben Sie davon?<\/strong><\/p>\n<ul>\n<li><strong>KI-gest\u00fctzte Innovationen<\/strong>, die Autorisierung und Governance intelligenter, schneller und zuverl\u00e4ssiger machen.<\/li>\n<li><strong>Identity Security Posture Management (ISPM)<\/strong> erkennt Risiken in Echtzeit und reagiert automatisch darauf.<\/li>\n<li>Unser <strong>License Killer<\/strong> sorgt f\u00fcr geringstm\u00f6gliche Berechtigungen und schafft gleichzeitig messbare Kosteneinsparungen.<\/li>\n<li><strong>Vereinfachen Sie Ihre t\u00e4gliche Arbei<\/strong>t mit Innovationen wie der Microsoft Teams-Integration und der zeitbasierten Zugriffsvisualisierung.<\/li>\n<\/ul>\n<p>\u00a0<\/p>\n<\/div>\n<p><strong>01. Oktober 2025, 16:00-17:00 Uhr (MESZ) | Sprache: Englisch<\/strong><\/p>\t\t\t\t\t\t\t\t<\/div>\n\t\t\t\t<\/div>\n\t\t\t\t<\/div>\n\t\t<div class=\"elementor-element elementor-element-d9a4325 e-con-full e-flex e-con e-child\" data-id=\"d9a4325\" data-element_type=\"container\">\n\t\t\t\t<div class=\"elementor-element elementor-element-bbd04af elementor-widget__width-initial elementor-widget elementor-widget-heading\" data-id=\"bbd04af\" data-element_type=\"widget\" data-widget_type=\"heading.default\">\n\t\t\t\t<div class=\"elementor-widget-container\">\n\t\t\t\t\t<h1 class=\"elementor-heading-title elementor-size-default\">Download Jetzt anfragen<\/h1>\t\t\t\t<\/div>\n\t\t\t\t<\/div>\n\t\t\t\t<div class=\"elementor-element elementor-element-ad249c3 elementor-widget elementor-widget-hubspot-form\" data-id=\"ad249c3\" data-element_type=\"widget\" data-widget_type=\"hubspot-form.default\">\n\t\t\t\t<div class=\"elementor-widget-container\">\n\t\t\t\t\t\n\t\t\t\t\t\t<script>\n\t\t\t\t\t\t\twindow.hsFormsOnReady = window.hsFormsOnReady || [];\n\t\t\t\t\t\t\twindow.hsFormsOnReady.push(()=>{\n\t\t\t\t\t\t\t\thbspt.forms.create({\n\t\t\t\t\t\t\t\t\tportalId: 145704772,\n\t\t\t\t\t\t\t\t\tformId: \"5bde4ae2-d4d1-4f96-b00a-89a1a93baf73\",\n\t\t\t\t\t\t\t\t\ttarget: \"#hbspt-form-1775816266000-0421233801\",\n\t\t\t\t\t\t\t\t\tregion: \"eu1\",\n\t\t\t\t\t\t\t\t\t\n\t\t\t\t\t\t\t})});\n\t\t\t\t\t\t<\/script>\n\t\t\t\t\t\t<div class=\"hbspt-form\" id=\"hbspt-form-1775816266000-0421233801\"><\/div>\t\t\t\t<\/div>\n\t\t\t\t<\/div>\n\t\t\t\t<\/div>\n\t\t\t\t\t<\/div>\n\t\t\t\t<\/div>\n\t\t<div class=\"elementor-element elementor-element-69b2bad e-con-full e-flex e-con e-child\" data-id=\"69b2bad\" data-element_type=\"container\">\n\t\t\t\t<div class=\"elementor-element elementor-element-5bc9a2c elementor-widget elementor-widget-heading\" data-id=\"5bc9a2c\" data-element_type=\"widget\" data-widget_type=\"heading.default\">\n\t\t\t\t<div class=\"elementor-widget-container\">\n\t\t\t\t\t<h2 class=\"elementor-heading-title elementor-size-default\"><span data-teams=\"true\"><strong>Diese Unternehmen verlassen sich auf NEXIS<\/strong><\/span><\/h2>\t\t\t\t<\/div>\n\t\t\t\t<\/div>\n\t\t\t\t<div class=\"elementor-element elementor-element-41f3b8e elementor-skin-carousel elementor-widget elementor-widget-media-carousel\" data-id=\"41f3b8e\" data-element_type=\"widget\" data-settings=\"{&quot;slides_per_view&quot;:&quot;6&quot;,&quot;speed&quot;:800,&quot;autoplay_speed&quot;:400,&quot;space_between&quot;:{&quot;unit&quot;:&quot;px&quot;,&quot;size&quot;:50,&quot;sizes&quot;:[]},&quot;slides_to_scroll&quot;:&quot;1&quot;,&quot;skin&quot;:&quot;carousel&quot;,&quot;effect&quot;:&quot;slide&quot;,&quot;autoplay&quot;:&quot;yes&quot;,&quot;loop&quot;:&quot;yes&quot;,&quot;pause_on_hover&quot;:&quot;yes&quot;,&quot;pause_on_interaction&quot;:&quot;yes&quot;,&quot;space_between_tablet&quot;:{&quot;unit&quot;:&quot;px&quot;,&quot;size&quot;:10,&quot;sizes&quot;:[]},&quot;space_between_mobile&quot;:{&quot;unit&quot;:&quot;px&quot;,&quot;size&quot;:10,&quot;sizes&quot;:[]}}\" data-widget_type=\"media-carousel.default\">\n\t\t\t\t<div class=\"elementor-widget-container\">\n\t\t\t\t\t\t\t\t\t<div class=\"elementor-swiper\">\n\t\t\t\t\t<div class=\"elementor-main-swiper swiper\" role=\"region\" aria-roledescription=\"carousel\" aria-label=\"Nexis-Kunde-Logoslider\">\n\t\t\t\t<div class=\"swiper-wrapper\">\n\t\t\t\t\t\t\t\t\t\t\t<div class=\"swiper-slide\" role=\"group\" aria-roledescription=\"slide\">\n\t\t\t\t\t\t\t\t\t<div class=\"elementor-carousel-image\" role=\"img\" aria-label=\"NEXIS Kunden: AXA\" style=\"background-image: url(&#039;https:\/\/de.nexis-secure.com\/wp-content\/uploads\/sites\/4\/NEXIS_Kunden_axa.svg&#039;)\">\n\n\t\t\t\n\t\t\t\t\t<\/div>\n\t\t\t\t\t\t\t\t<\/div>\n\t\t\t\t\t\t\t\t\t\t\t<div class=\"swiper-slide\" role=\"group\" aria-roledescription=\"slide\">\n\t\t\t\t\t\t\t\t\t<div class=\"elementor-carousel-image\" role=\"img\" aria-label=\"NEXIS |\u00a0Kunden |\u00a0BSS |\u00a0Beiersdorf\" style=\"background-image: url(&#039;https:\/\/de.nexis-secure.com\/wp-content\/uploads\/sites\/4\/Nexis_Kunden_BSS.png&#039;)\">\n\n\t\t\t\n\t\t\t\t\t<\/div>\n\t\t\t\t\t\t\t\t<\/div>\n\t\t\t\t\t\t\t\t\t\t\t<div class=\"swiper-slide\" role=\"group\" aria-roledescription=\"slide\">\n\t\t\t\t\t\t\t\t\t<div class=\"elementor-carousel-image\" role=\"img\" aria-label=\"NEXIS Kunden: DAK - Gesundheit ein Leben lang\" style=\"background-image: url(&#039;https:\/\/de.nexis-secure.com\/wp-content\/uploads\/sites\/4\/NEXIS_Kunden_DAK.png&#039;)\">\n\n\t\t\t\n\t\t\t\t\t<\/div>\n\t\t\t\t\t\t\t\t<\/div>\n\t\t\t\t\t\t\t\t\t\t\t<div class=\"swiper-slide\" role=\"group\" aria-roledescription=\"slide\">\n\t\t\t\t\t\t\t\t\t<div class=\"elementor-carousel-image\" role=\"img\" aria-label=\"NEXIS |\u00a0Kunden |\u00a0DEVK\" style=\"background-image: url(&#039;https:\/\/de.nexis-secure.com\/wp-content\/uploads\/sites\/4\/Nexis_Kunden_DEVK.png&#039;)\">\n\n\t\t\t\n\t\t\t\t\t<\/div>\n\t\t\t\t\t\t\t\t<\/div>\n\t\t\t\t\t\t\t\t\t\t\t<div class=\"swiper-slide\" role=\"group\" aria-roledescription=\"slide\">\n\t\t\t\t\t\t\t\t\t<div class=\"elementor-carousel-image\" role=\"img\" aria-label=\"NEXIS | Kunde | dm\" style=\"background-image: url(&#039;https:\/\/de.nexis-secure.com\/wp-content\/uploads\/sites\/4\/dm_LogoKonturClaim_RGB_pos.png&#039;)\">\n\n\t\t\t\n\t\t\t\t\t<\/div>\n\t\t\t\t\t\t\t\t<\/div>\n\t\t\t\t\t\t\t\t\t\t\t<div class=\"swiper-slide\" role=\"group\" aria-roledescription=\"slide\">\n\t\t\t\t\t\t\t\t\t<div class=\"elementor-carousel-image\" role=\"img\" aria-label=\"NEXIS Kunde: Post Schweiz\" style=\"background-image: url(&#039;https:\/\/de.nexis-secure.com\/wp-content\/uploads\/sites\/4\/Post-CH_neu.svg&#039;)\">\n\n\t\t\t\n\t\t\t\t\t<\/div>\n\t\t\t\t\t\t\t\t<\/div>\n\t\t\t\t\t\t\t\t\t\t\t<div class=\"swiper-slide\" role=\"group\" aria-roledescription=\"slide\">\n\t\t\t\t\t\t\t\t\t<div class=\"elementor-carousel-image\" role=\"img\" aria-label=\"NEXIS |\u00a0Kunden |\u00a0DZ Bank\" style=\"background-image: url(&#039;https:\/\/de.nexis-secure.com\/wp-content\/uploads\/sites\/4\/Nexis_Kunden_DZ-Bank.png&#039;)\">\n\n\t\t\t\n\t\t\t\t\t<\/div>\n\t\t\t\t\t\t\t\t<\/div>\n\t\t\t\t\t\t\t\t\t\t\t<div class=\"swiper-slide\" role=\"group\" aria-roledescription=\"slide\">\n\t\t\t\t\t\t\t\t\t<div class=\"elementor-carousel-image\" role=\"img\" aria-label=\"NEXIS Kunden: Finanz Informatik Technologie Service\" style=\"background-image: url(&#039;https:\/\/de.nexis-secure.com\/wp-content\/uploads\/sites\/4\/NEXIS_Kunden_FI-TS.svg&#039;)\">\n\n\t\t\t\n\t\t\t\t\t<\/div>\n\t\t\t\t\t\t\t\t<\/div>\n\t\t\t\t\t\t\t\t\t\t\t<div class=\"swiper-slide\" role=\"group\" aria-roledescription=\"slide\">\n\t\t\t\t\t\t\t\t\t<div class=\"elementor-carousel-image\" role=\"img\" aria-label=\"HCOB Logo\" style=\"background-image: url(&#039;https:\/\/de.nexis-secure.com\/wp-content\/uploads\/sites\/4\/HCOB_Logo_RZ_pos_RGB.png&#039;)\">\n\n\t\t\t\n\t\t\t\t\t<\/div>\n\t\t\t\t\t\t\t\t<\/div>\n\t\t\t\t\t\t\t\t\t\t\t<div class=\"swiper-slide\" role=\"group\" aria-roledescription=\"slide\">\n\t\t\t\t\t\t\t\t\t<div class=\"elementor-carousel-image\" role=\"img\" aria-label=\"HUK-Coburg\" style=\"background-image: url(&#039;https:\/\/de.nexis-secure.com\/wp-content\/uploads\/sites\/4\/Logo_Neu_Reinzeichnung.png&#039;)\">\n\n\t\t\t\n\t\t\t\t\t<\/div>\n\t\t\t\t\t\t\t\t<\/div>\n\t\t\t\t\t\t\t\t\t\t\t<div class=\"swiper-slide\" role=\"group\" aria-roledescription=\"slide\">\n\t\t\t\t\t\t\t\t\t<div class=\"elementor-carousel-image\" role=\"img\" aria-label=\"NEXIS |\u00a0Kunden |\u00a0Infineon\" style=\"background-image: url(&#039;https:\/\/de.nexis-secure.com\/wp-content\/uploads\/sites\/4\/Nexis_Kunden_Infineon.png&#039;)\">\n\n\t\t\t\n\t\t\t\t\t<\/div>\n\t\t\t\t\t\t\t\t<\/div>\n\t\t\t\t\t\t\t\t\t\t\t<div class=\"swiper-slide\" role=\"group\" aria-roledescription=\"slide\">\n\t\t\t\t\t\t\t\t\t<div class=\"elementor-carousel-image\" role=\"img\" aria-label=\"NEXIS 4 |\u00a0Kunden |\u00a0Krones\" style=\"background-image: url(&#039;https:\/\/de.nexis-secure.com\/wp-content\/uploads\/sites\/4\/Nexis_Kunden_Krones.png&#039;)\">\n\n\t\t\t\n\t\t\t\t\t<\/div>\n\t\t\t\t\t\t\t\t<\/div>\n\t\t\t\t\t\t\t\t\t\t\t<div class=\"swiper-slide\" role=\"group\" aria-roledescription=\"slide\">\n\t\t\t\t\t\t\t\t\t<div class=\"elementor-carousel-image\" role=\"img\" aria-label=\"NEXIS | Kunde | Union Investment\" style=\"background-image: url(&#039;https:\/\/de.nexis-secure.com\/wp-content\/uploads\/sites\/4\/UI_Logo_RGB-1024x309.png&#039;)\">\n\n\t\t\t\n\t\t\t\t\t<\/div>\n\t\t\t\t\t\t\t\t<\/div>\n\t\t\t\t\t\t\t\t\t\t\t<div class=\"swiper-slide\" role=\"group\" aria-roledescription=\"slide\">\n\t\t\t\t\t\t\t\t\t<div class=\"elementor-carousel-image\" role=\"img\" aria-label=\"NEXIS Kunde Viseca\" style=\"background-image: url(&#039;https:\/\/de.nexis-secure.com\/wp-content\/uploads\/sites\/4\/L_VIS_PaymentServices_MCV_4f_rgb_2207.png&#039;)\">\n\n\t\t\t\n\t\t\t\t\t<\/div>\n\t\t\t\t\t\t\t\t<\/div>\n\t\t\t\t\t\t\t\t\t\t\t<div class=\"swiper-slide\" role=\"group\" aria-roledescription=\"slide\">\n\t\t\t\t\t\t\t\t\t<div class=\"elementor-carousel-image\" role=\"img\" aria-label=\"Vontobel\" style=\"background-image: url(&#039;https:\/\/de.nexis-secure.com\/wp-content\/uploads\/sites\/4\/Vontobel_RGB_graphite.png&#039;)\">\n\n\t\t\t\n\t\t\t\t\t<\/div>\n\t\t\t\t\t\t\t\t<\/div>\n\t\t\t\t\t\t\t\t\t\t\t<div class=\"swiper-slide\" role=\"group\" aria-roledescription=\"slide\">\n\t\t\t\t\t\t\t\t\t<div class=\"elementor-carousel-image\" role=\"img\" aria-label=\"NEXIS |\u00a0Kunden |\u00a0W\u00fcstenrot |\u00a0W\u00fcrttembergische\" style=\"background-image: url(&#039;https:\/\/de.nexis-secure.com\/wp-content\/uploads\/sites\/4\/Nexis_Kunden_W-und-W.png&#039;)\">\n\n\t\t\t\n\t\t\t\t\t<\/div>\n\t\t\t\t\t\t\t\t<\/div>\n\t\t\t\t\t\t\t\t\t\t\t<div class=\"swiper-slide\" role=\"group\" aria-roledescription=\"slide\">\n\t\t\t\t\t\t\t\t\t<div class=\"elementor-carousel-image\" role=\"img\" aria-label=\"Swisscom_Logo\" style=\"background-image: url(&#039;https:\/\/de.nexis-secure.com\/wp-content\/uploads\/sites\/4\/Swisscom_Logo.webp&#039;)\">\n\n\t\t\t\n\t\t\t\t\t<\/div>\n\t\t\t\t\t\t\t\t<\/div>\n\t\t\t\t\t\t\t\t\t\t\t<div class=\"swiper-slide\" role=\"group\" aria-roledescription=\"slide\">\n\t\t\t\t\t\t\t\t\t<div class=\"elementor-carousel-image\" role=\"img\" aria-label=\"helvetia-logo\" style=\"background-image: url(&#039;https:\/\/de.nexis-secure.com\/wp-content\/uploads\/sites\/4\/helvetia-logo.png&#039;)\">\n\n\t\t\t\n\t\t\t\t\t<\/div>\n\t\t\t\t\t\t\t\t<\/div>\n\t\t\t\t\t\t\t\t\t<\/div>\n\t\t\t\t\t\t\t\t\t\t\t\t\t\t\t\t\t\t\t\t\t<\/div>\n\t\t\t\t<\/div>\n\t\t\t\t\t\t\t\t<\/div>\n\t\t\t\t<\/div>\n\t\t\t\t<\/div>\n\t\t\t\t<\/div>\n\t\t","protected":false},"excerpt":{"rendered":"<p>Governance at Full Speed: The NEXIS 4 Roadmap Entdecken Sie, wie NEXIS 4, unsere Identity Visibility &amp; Intelligence Platform (IVIP), Autorisierung und Governance transparent, effizient und zukunftsf\u00e4hig macht. Mit seiner [&hellip;]<\/p>\n","protected":false},"author":24,"featured_media":0,"parent":246,"menu_order":0,"comment_status":"closed","ping_status":"closed","template":"","meta":{"_acf_changed":false,"content-type":"","footnotes":""},"class_list":["post-27623","page","type-page","status-publish","hentry"],"acf":[],"yoast_head":"<!-- This site is optimized with the Yoast SEO plugin v25.8 - https:\/\/yoast.com\/wordpress\/plugins\/seo\/ -->\n<title>Governance at Full Speed: The NEXIS 4 Roadmap<\/title>\n<meta name=\"robots\" content=\"index, follow, max-snippet:-1, max-image-preview:large, max-video-preview:-1\" \/>\n<link rel=\"canonical\" href=\"https:\/\/de.nexis-secure.com\/de\/services\/webinare\/nexis-4-roadmap\/\" \/>\n<meta property=\"og:locale\" content=\"en_US\" \/>\n<meta property=\"og:type\" content=\"article\" \/>\n<meta property=\"og:title\" content=\"Governance at Full Speed: The NEXIS 4 Roadmap\" \/>\n<meta property=\"og:description\" content=\"Governance at Full Speed: The NEXIS 4 Roadmap Entdecken Sie, wie NEXIS 4, unsere Identity Visibility &amp; Intelligence Platform (IVIP), Autorisierung und Governance transparent, effizient und zukunftsf\u00e4hig macht. Mit seiner [&hellip;]\" \/>\n<meta property=\"og:url\" content=\"https:\/\/de.nexis-secure.com\/services\/webinare\/nexis-4-roadmap\/\" \/>\n<meta property=\"og:site_name\" content=\"NEXIS - Enter a new level of Enterprise Authorization Governance\" \/>\n<meta property=\"article:modified_time\" content=\"2025-10-01T15:34:12+00:00\" \/>\n<meta property=\"og:image\" content=\"https:\/\/de.nexis-secure.com\/wp-content\/uploads\/sites\/4\/20250916_WebinarFeatures.png\" \/>\n<meta name=\"twitter:card\" content=\"summary_large_image\" \/>\n<meta name=\"twitter:label1\" content=\"Est. reading time\" \/>\n\t<meta name=\"twitter:data1\" content=\"2 minutes\" \/>\n<script type=\"application\/ld+json\" class=\"yoast-schema-graph\">{\"@context\":\"https:\/\/schema.org\",\"@graph\":[{\"@type\":\"WebPage\",\"@id\":\"https:\/\/de.nexis-secure.com\/services\/webinare\/nexis-4-roadmap\/\",\"url\":\"https:\/\/de.nexis-secure.com\/services\/webinare\/nexis-4-roadmap\/\",\"name\":\"Governance at Full Speed: The NEXIS 4 Roadmap\",\"isPartOf\":{\"@id\":\"https:\/\/de.nexis-secure.com\/de\/#website\"},\"primaryImageOfPage\":{\"@id\":\"https:\/\/de.nexis-secure.com\/services\/webinare\/nexis-4-roadmap\/#primaryimage\"},\"image\":{\"@id\":\"https:\/\/de.nexis-secure.com\/services\/webinare\/nexis-4-roadmap\/#primaryimage\"},\"thumbnailUrl\":\"https:\/\/de.nexis-secure.com\/wp-content\/uploads\/sites\/4\/20250916_WebinarFeatures.png\",\"datePublished\":\"2025-09-16T09:28:50+00:00\",\"dateModified\":\"2025-10-01T15:34:12+00:00\",\"breadcrumb\":{\"@id\":\"https:\/\/de.nexis-secure.com\/services\/webinare\/nexis-4-roadmap\/#breadcrumb\"},\"inLanguage\":\"en-US\",\"potentialAction\":[{\"@type\":\"ReadAction\",\"target\":[\"https:\/\/de.nexis-secure.com\/services\/webinare\/nexis-4-roadmap\/\"]}]},{\"@type\":\"ImageObject\",\"inLanguage\":\"en-US\",\"@id\":\"https:\/\/de.nexis-secure.com\/services\/webinare\/nexis-4-roadmap\/#primaryimage\",\"url\":\"https:\/\/de.nexis-secure.com\/wp-content\/uploads\/sites\/4\/20250916_WebinarFeatures.png\",\"contentUrl\":\"https:\/\/de.nexis-secure.com\/wp-content\/uploads\/sites\/4\/20250916_WebinarFeatures.png\"},{\"@type\":\"BreadcrumbList\",\"@id\":\"https:\/\/de.nexis-secure.com\/services\/webinare\/nexis-4-roadmap\/#breadcrumb\",\"itemListElement\":[{\"@type\":\"ListItem\",\"position\":1,\"name\":\"Startseite\",\"item\":\"https:\/\/de.nexis-secure.com\/\"},{\"@type\":\"ListItem\",\"position\":2,\"name\":\"Services\",\"item\":\"https:\/\/de.nexis-secure.com\/services\/\"},{\"@type\":\"ListItem\",\"position\":3,\"name\":\"Webinare\",\"item\":\"https:\/\/de.nexis-secure.com\/services\/webinare\/\"},{\"@type\":\"ListItem\",\"position\":4,\"name\":\"Webinar &#8211; NEXIS 4 Roadmap\"}]},{\"@type\":\"WebSite\",\"@id\":\"https:\/\/de.nexis-secure.com\/de\/#website\",\"url\":\"https:\/\/de.nexis-secure.com\/de\/\",\"name\":\"NEXIS - Enter a new level of Enterprise Authorization Governance\",\"description\":\"\",\"publisher\":{\"@id\":\"https:\/\/de.nexis-secure.com\/de\/#organization\"},\"potentialAction\":[{\"@type\":\"SearchAction\",\"target\":{\"@type\":\"EntryPoint\",\"urlTemplate\":\"https:\/\/de.nexis-secure.com\/de\/?s={search_term_string}\"},\"query-input\":{\"@type\":\"PropertyValueSpecification\",\"valueRequired\":true,\"valueName\":\"search_term_string\"}}],\"inLanguage\":\"en-US\"},{\"@type\":\"Organization\",\"@id\":\"https:\/\/de.nexis-secure.com\/de\/#organization\",\"name\":\"NEXIS - Enter a new level of Enterprise Authorization Governance\",\"url\":\"https:\/\/de.nexis-secure.com\/de\/\",\"logo\":{\"@type\":\"ImageObject\",\"inLanguage\":\"en-US\",\"@id\":\"https:\/\/de.nexis-secure.com\/de\/#\/schema\/logo\/image\/\",\"url\":\"https:\/\/de.nexis-secure.com\/wp-content\/uploads\/sites\/4\/2021_NEXIS_Logo.svg\",\"contentUrl\":\"https:\/\/de.nexis-secure.com\/wp-content\/uploads\/sites\/4\/2021_NEXIS_Logo.svg\",\"width\":2820,\"height\":622,\"caption\":\"NEXIS - Enter a new level of Enterprise Authorization Governance\"},\"image\":{\"@id\":\"https:\/\/de.nexis-secure.com\/de\/#\/schema\/logo\/image\/\"}}]}<\/script>\n<!-- \/ Yoast SEO plugin. -->","yoast_head_json":{"title":"Governance at Full Speed: The NEXIS 4 Roadmap","robots":{"index":"index","follow":"follow","max-snippet":"max-snippet:-1","max-image-preview":"max-image-preview:large","max-video-preview":"max-video-preview:-1"},"canonical":"https:\/\/de.nexis-secure.com\/de\/services\/webinare\/nexis-4-roadmap\/","og_locale":"en_US","og_type":"article","og_title":"Governance at Full Speed: The NEXIS 4 Roadmap","og_description":"Governance at Full Speed: The NEXIS 4 Roadmap Entdecken Sie, wie NEXIS 4, unsere Identity Visibility &amp; Intelligence Platform (IVIP), Autorisierung und Governance transparent, effizient und zukunftsf\u00e4hig macht. Mit seiner [&hellip;]","og_url":"https:\/\/de.nexis-secure.com\/services\/webinare\/nexis-4-roadmap\/","og_site_name":"NEXIS - Enter a new level of Enterprise Authorization Governance","article_modified_time":"2025-10-01T15:34:12+00:00","og_image":[{"url":"https:\/\/de.nexis-secure.com\/wp-content\/uploads\/sites\/4\/20250916_WebinarFeatures.png","type":"","width":"","height":""}],"twitter_card":"summary_large_image","twitter_misc":{"Est. reading time":"2 minutes"},"schema":{"@context":"https:\/\/schema.org","@graph":[{"@type":"WebPage","@id":"https:\/\/de.nexis-secure.com\/services\/webinare\/nexis-4-roadmap\/","url":"https:\/\/de.nexis-secure.com\/services\/webinare\/nexis-4-roadmap\/","name":"Governance at Full Speed: The NEXIS 4 Roadmap","isPartOf":{"@id":"https:\/\/de.nexis-secure.com\/de\/#website"},"primaryImageOfPage":{"@id":"https:\/\/de.nexis-secure.com\/services\/webinare\/nexis-4-roadmap\/#primaryimage"},"image":{"@id":"https:\/\/de.nexis-secure.com\/services\/webinare\/nexis-4-roadmap\/#primaryimage"},"thumbnailUrl":"https:\/\/de.nexis-secure.com\/wp-content\/uploads\/sites\/4\/20250916_WebinarFeatures.png","datePublished":"2025-09-16T09:28:50+00:00","dateModified":"2025-10-01T15:34:12+00:00","breadcrumb":{"@id":"https:\/\/de.nexis-secure.com\/services\/webinare\/nexis-4-roadmap\/#breadcrumb"},"inLanguage":"en-US","potentialAction":[{"@type":"ReadAction","target":["https:\/\/de.nexis-secure.com\/services\/webinare\/nexis-4-roadmap\/"]}]},{"@type":"ImageObject","inLanguage":"en-US","@id":"https:\/\/de.nexis-secure.com\/services\/webinare\/nexis-4-roadmap\/#primaryimage","url":"https:\/\/de.nexis-secure.com\/wp-content\/uploads\/sites\/4\/20250916_WebinarFeatures.png","contentUrl":"https:\/\/de.nexis-secure.com\/wp-content\/uploads\/sites\/4\/20250916_WebinarFeatures.png"},{"@type":"BreadcrumbList","@id":"https:\/\/de.nexis-secure.com\/services\/webinare\/nexis-4-roadmap\/#breadcrumb","itemListElement":[{"@type":"ListItem","position":1,"name":"Startseite","item":"https:\/\/de.nexis-secure.com\/"},{"@type":"ListItem","position":2,"name":"Services","item":"https:\/\/de.nexis-secure.com\/services\/"},{"@type":"ListItem","position":3,"name":"Webinare","item":"https:\/\/de.nexis-secure.com\/services\/webinare\/"},{"@type":"ListItem","position":4,"name":"Webinar &#8211; NEXIS 4 Roadmap"}]},{"@type":"WebSite","@id":"https:\/\/de.nexis-secure.com\/de\/#website","url":"https:\/\/de.nexis-secure.com\/de\/","name":"NEXIS - Enter a new level of Enterprise Authorization Governance","description":"","publisher":{"@id":"https:\/\/de.nexis-secure.com\/de\/#organization"},"potentialAction":[{"@type":"SearchAction","target":{"@type":"EntryPoint","urlTemplate":"https:\/\/de.nexis-secure.com\/de\/?s={search_term_string}"},"query-input":{"@type":"PropertyValueSpecification","valueRequired":true,"valueName":"search_term_string"}}],"inLanguage":"en-US"},{"@type":"Organization","@id":"https:\/\/de.nexis-secure.com\/de\/#organization","name":"NEXIS - Enter a new level of Enterprise Authorization Governance","url":"https:\/\/de.nexis-secure.com\/de\/","logo":{"@type":"ImageObject","inLanguage":"en-US","@id":"https:\/\/de.nexis-secure.com\/de\/#\/schema\/logo\/image\/","url":"https:\/\/de.nexis-secure.com\/wp-content\/uploads\/sites\/4\/2021_NEXIS_Logo.svg","contentUrl":"https:\/\/de.nexis-secure.com\/wp-content\/uploads\/sites\/4\/2021_NEXIS_Logo.svg","width":2820,"height":622,"caption":"NEXIS - Enter a new level of Enterprise Authorization Governance"},"image":{"@id":"https:\/\/de.nexis-secure.com\/de\/#\/schema\/logo\/image\/"}}]}},"_links":{"self":[{"href":"https:\/\/de.nexis-secure.com\/de\/wp-json\/wp\/v2\/pages\/27623","targetHints":{"allow":["GET"]}}],"collection":[{"href":"https:\/\/de.nexis-secure.com\/de\/wp-json\/wp\/v2\/pages"}],"about":[{"href":"https:\/\/de.nexis-secure.com\/de\/wp-json\/wp\/v2\/types\/page"}],"author":[{"embeddable":true,"href":"https:\/\/de.nexis-secure.com\/de\/wp-json\/wp\/v2\/users\/24"}],"replies":[{"embeddable":true,"href":"https:\/\/de.nexis-secure.com\/de\/wp-json\/wp\/v2\/comments?post=27623"}],"version-history":[{"count":10,"href":"https:\/\/de.nexis-secure.com\/de\/wp-json\/wp\/v2\/pages\/27623\/revisions"}],"predecessor-version":[{"id":28010,"href":"https:\/\/de.nexis-secure.com\/de\/wp-json\/wp\/v2\/pages\/27623\/revisions\/28010"}],"up":[{"embeddable":true,"href":"https:\/\/de.nexis-secure.com\/de\/wp-json\/wp\/v2\/pages\/246"}],"wp:attachment":[{"href":"https:\/\/de.nexis-secure.com\/de\/wp-json\/wp\/v2\/media?parent=27623"}],"curies":[{"name":"wp","href":"https:\/\/api.w.org\/{rel}","templated":true}]}}