{"id":24912,"date":"2025-06-23T16:30:16","date_gmt":"2025-06-23T14:30:16","guid":{"rendered":"https:\/\/de.nexis-secure.com\/?page_id=24912"},"modified":"2025-08-06T12:04:35","modified_gmt":"2025-08-06T10:04:35","slug":"webinar-nexis-iam-governance","status":"publish","type":"page","link":"https:\/\/de.nexis-secure.com\/webinar-nexis-iam-governance\/","title":{"rendered":"Webinar Anmeldung NEXIS IAM Governance"},"content":{"rendered":"\t\t<div data-elementor-type=\"wp-page\" data-elementor-id=\"24912\" class=\"elementor elementor-24912\" data-elementor-post-type=\"page\">\n\t\t\t\t<div class=\"elementor-element elementor-element-3ba49ba e-flex e-con-boxed e-con e-parent\" data-id=\"3ba49ba\" data-element_type=\"container\">\n\t\t\t\t\t<div class=\"e-con-inner\">\n\t\t<div class=\"elementor-element elementor-element-1b75672 e-con-full e-flex e-con e-child\" data-id=\"1b75672\" data-element_type=\"container\">\n\t\t<div class=\"elementor-element elementor-element-1ee7244 e-con-full e-flex e-con e-child\" data-id=\"1ee7244\" data-element_type=\"container\">\n\t\t\t\t<div class=\"elementor-element elementor-element-b5486cb elementor-widget elementor-widget-heading\" data-id=\"b5486cb\" data-element_type=\"widget\" data-widget_type=\"heading.default\">\n\t\t\t\t<div class=\"elementor-widget-container\">\n\t\t\t\t\t<h2 class=\"elementor-heading-title elementor-size-default\">Webinar<\/h2>\t\t\t\t<\/div>\n\t\t\t\t<\/div>\n\t\t\t\t<div class=\"elementor-element elementor-element-97c41c7 elementor-widget__width-initial elementor-widget elementor-widget-heading\" data-id=\"97c41c7\" data-element_type=\"widget\" data-widget_type=\"heading.default\">\n\t\t\t\t<div class=\"elementor-widget-container\">\n\t\t\t\t\t<h1 class=\"elementor-heading-title elementor-size-default\">Scalable IAM Governance with NEXIS<\/h1>\t\t\t\t<\/div>\n\t\t\t\t<\/div>\n\t\t\t\t<\/div>\n\t\t\t\t<div class=\"elementor-element elementor-element-c81f7b9 elementor-widget elementor-widget-text-editor\" data-id=\"c81f7b9\" data-element_type=\"widget\" data-widget_type=\"text-editor.default\">\n\t\t\t\t<div class=\"elementor-widget-container\">\n\t\t\t\t\t\t\t\t\t<div><p data-start=\"0\" data-end=\"46\">Laden Sie unser Webinar mit den IAM-Experten <strong data-start=\"112\" data-end=\"132\">Alexander Puchta<\/strong> und <strong data-start=\"137\" data-end=\"156\">Dr. Heiko Klarl<\/strong> runter und entdecken Sie das volle Potenzial von NEXIS IAM Governance. Diese Session geht weit \u00fcber die Theorie hinaus \u2013 erwarten Sie praxisnahe Diskussionen mit Live-Demos und realen Use Cases.<\/p><p data-start=\"48\" data-end=\"349\">\u00a0<\/p><\/div><div><h3 data-start=\"356\" data-end=\"372\">Schwerpunkte<\/h3><p data-start=\"374\" data-end=\"754\"><strong data-start=\"374\" data-end=\"425\">Berechtigungskonzepte in regulierten Umgebungen<\/strong><br data-start=\"425\" data-end=\"428\" \/>Erfahren Sie, wie <strong data-start=\"446\" data-end=\"457\">NEXIS 4<\/strong> die Einhaltung von Richtlinien wie <strong data-start=\"493\" data-end=\"501\">DORA<\/strong> und <strong data-start=\"506\" data-end=\"513\">SOX<\/strong> unterst\u00fctzt: durch strukturierte Berechtigungsdokumentation, Identifizierung risikoreicher Privilegien, konsequente Durchsetzung der Separation of Duties (SoD) und einheitliche End-to-End-Policy-Enforcement \u00fcber Ihre gesamte IAM-Landschaft.<\/p><p data-start=\"756\" data-end=\"1184\"><strong data-start=\"756\" data-end=\"800\">Fortgeschrittenes Application Onboarding<\/strong><br data-start=\"800\" data-end=\"803\" \/>Sehen Sie, wie NEXIS 4 bestehende, technisch getriebene Onboarding-Tools erg\u00e4nzt: mit einem gesch\u00e4ftsfreundlichen, strukturierten Ansatz zum Erfassen von Applikationsdaten und Definieren von Zugriffsrechten. Anpassbare Templates erm\u00f6glichen die Anlage von Privilegien in Systemen wie <strong data-start=\"1087\" data-end=\"1109\">Microsoft Entra ID<\/strong> und die korrekte Einrichtung von Datenfl\u00fcssen in bestehenden IAM-L\u00f6sungen.<\/p><p data-start=\"1186\" data-end=\"1405\">Ideal f\u00fcr <strong data-start=\"1196\" data-end=\"1222\">Managed Services (MSP)<\/strong> und <strong data-start=\"1227\" data-end=\"1243\">Integratoren<\/strong>: Dieser Ansatz beschleunigt gro\u00dffl\u00e4chige Roll-outs, Migrationen und sorgt f\u00fcr konsistente Governance \u00fcber alle Anwendungen \u2013 schnell, zuverl\u00e4ssig und auditf\u00e4hig.<\/p><div>\u00a0<\/div><div><span style=\"font-weight: bold;\">Sprache: Englisch<\/span><\/div><\/div>\t\t\t\t\t\t\t\t<\/div>\n\t\t\t\t<\/div>\n\t\t\t\t<\/div>\n\t\t<div class=\"elementor-element elementor-element-545c99c e-con-full e-flex e-con e-child\" data-id=\"545c99c\" data-element_type=\"container\">\n\t\t\t\t<div class=\"elementor-element elementor-element-c822592 elementor-widget elementor-widget-hubspot-form\" data-id=\"c822592\" data-element_type=\"widget\" data-widget_type=\"hubspot-form.default\">\n\t\t\t\t<div class=\"elementor-widget-container\">\n\t\t\t\t\t\n\t\t\t\t\t\t<script>\n\t\t\t\t\t\t\twindow.hsFormsOnReady = window.hsFormsOnReady || [];\n\t\t\t\t\t\t\twindow.hsFormsOnReady.push(()=>{\n\t\t\t\t\t\t\t\thbspt.forms.create({\n\t\t\t\t\t\t\t\t\tportalId: 145704772,\n\t\t\t\t\t\t\t\t\tformId: \"7ebf0ca4-afc0-40d0-8dea-4184c7524249\",\n\t\t\t\t\t\t\t\t\ttarget: \"#hbspt-form-1775321976000-6684192947\",\n\t\t\t\t\t\t\t\t\tregion: \"eu1\",\n\t\t\t\t\t\t\t\t\t\n\t\t\t\t\t\t\t})});\n\t\t\t\t\t\t<\/script>\n\t\t\t\t\t\t<div class=\"hbspt-form\" id=\"hbspt-form-1775321976000-6684192947\"><\/div>\t\t\t\t<\/div>\n\t\t\t\t<\/div>\n\t\t\t\t<\/div>\n\t\t\t\t\t<\/div>\n\t\t\t\t<\/div>\n\t\t<div class=\"elementor-element elementor-element-3aadc34 e-con-full e-flex e-con e-child\" data-id=\"3aadc34\" data-element_type=\"container\">\n\t\t\t\t<div class=\"elementor-element elementor-element-67df52a elementor-widget elementor-widget-heading\" data-id=\"67df52a\" data-element_type=\"widget\" data-widget_type=\"heading.default\">\n\t\t\t\t<div class=\"elementor-widget-container\">\n\t\t\t\t\t<h2 class=\"elementor-heading-title elementor-size-default\"><span data-teams=\"true\"><strong>Diese Unternehmen vertrauen auf NEXIS<\/strong><\/span><\/h2>\t\t\t\t<\/div>\n\t\t\t\t<\/div>\n\t\t\t\t<div class=\"elementor-element elementor-element-f3a5dd5 elementor-skin-carousel elementor-widget elementor-widget-media-carousel\" data-id=\"f3a5dd5\" data-element_type=\"widget\" data-settings=\"{&quot;slides_per_view&quot;:&quot;6&quot;,&quot;speed&quot;:800,&quot;autoplay_speed&quot;:400,&quot;space_between&quot;:{&quot;unit&quot;:&quot;px&quot;,&quot;size&quot;:50,&quot;sizes&quot;:[]},&quot;slides_to_scroll&quot;:&quot;1&quot;,&quot;skin&quot;:&quot;carousel&quot;,&quot;effect&quot;:&quot;slide&quot;,&quot;autoplay&quot;:&quot;yes&quot;,&quot;loop&quot;:&quot;yes&quot;,&quot;pause_on_hover&quot;:&quot;yes&quot;,&quot;pause_on_interaction&quot;:&quot;yes&quot;,&quot;space_between_tablet&quot;:{&quot;unit&quot;:&quot;px&quot;,&quot;size&quot;:10,&quot;sizes&quot;:[]},&quot;space_between_mobile&quot;:{&quot;unit&quot;:&quot;px&quot;,&quot;size&quot;:10,&quot;sizes&quot;:[]}}\" data-widget_type=\"media-carousel.default\">\n\t\t\t\t<div class=\"elementor-widget-container\">\n\t\t\t\t\t\t\t\t\t<div class=\"elementor-swiper\">\n\t\t\t\t\t<div class=\"elementor-main-swiper swiper\" role=\"region\" aria-roledescription=\"carousel\" aria-label=\"Nexis-Kunde-Logoslider\">\n\t\t\t\t<div class=\"swiper-wrapper\">\n\t\t\t\t\t\t\t\t\t\t\t<div class=\"swiper-slide\" role=\"group\" aria-roledescription=\"slide\">\n\t\t\t\t\t\t\t\t\t<div class=\"elementor-carousel-image\" role=\"img\" aria-label=\"NEXIS Kunden: AXA\" style=\"background-image: url(&#039;https:\/\/de.nexis-secure.com\/wp-content\/uploads\/sites\/4\/NEXIS_Kunden_axa.svg&#039;)\">\n\n\t\t\t\n\t\t\t\t\t<\/div>\n\t\t\t\t\t\t\t\t<\/div>\n\t\t\t\t\t\t\t\t\t\t\t<div class=\"swiper-slide\" role=\"group\" aria-roledescription=\"slide\">\n\t\t\t\t\t\t\t\t\t<div class=\"elementor-carousel-image\" role=\"img\" aria-label=\"NEXIS |\u00a0Kunden |\u00a0BSS |\u00a0Beiersdorf\" style=\"background-image: url(&#039;https:\/\/de.nexis-secure.com\/wp-content\/uploads\/sites\/4\/Nexis_Kunden_BSS.png&#039;)\">\n\n\t\t\t\n\t\t\t\t\t<\/div>\n\t\t\t\t\t\t\t\t<\/div>\n\t\t\t\t\t\t\t\t\t\t\t<div class=\"swiper-slide\" role=\"group\" aria-roledescription=\"slide\">\n\t\t\t\t\t\t\t\t\t<div class=\"elementor-carousel-image\" role=\"img\" aria-label=\"NEXIS Kunden: DAK - Gesundheit ein Leben lang\" style=\"background-image: url(&#039;https:\/\/de.nexis-secure.com\/wp-content\/uploads\/sites\/4\/NEXIS_Kunden_DAK.png&#039;)\">\n\n\t\t\t\n\t\t\t\t\t<\/div>\n\t\t\t\t\t\t\t\t<\/div>\n\t\t\t\t\t\t\t\t\t\t\t<div class=\"swiper-slide\" role=\"group\" aria-roledescription=\"slide\">\n\t\t\t\t\t\t\t\t\t<div class=\"elementor-carousel-image\" role=\"img\" aria-label=\"NEXIS |\u00a0Kunden |\u00a0DEVK\" style=\"background-image: url(&#039;https:\/\/de.nexis-secure.com\/wp-content\/uploads\/sites\/4\/Nexis_Kunden_DEVK.png&#039;)\">\n\n\t\t\t\n\t\t\t\t\t<\/div>\n\t\t\t\t\t\t\t\t<\/div>\n\t\t\t\t\t\t\t\t\t\t\t<div class=\"swiper-slide\" role=\"group\" aria-roledescription=\"slide\">\n\t\t\t\t\t\t\t\t\t<div class=\"elementor-carousel-image\" role=\"img\" aria-label=\"NEXIS | Kunde | dm\" style=\"background-image: url(&#039;https:\/\/de.nexis-secure.com\/wp-content\/uploads\/sites\/4\/dm_LogoKonturClaim_RGB_pos.png&#039;)\">\n\n\t\t\t\n\t\t\t\t\t<\/div>\n\t\t\t\t\t\t\t\t<\/div>\n\t\t\t\t\t\t\t\t\t\t\t<div class=\"swiper-slide\" role=\"group\" aria-roledescription=\"slide\">\n\t\t\t\t\t\t\t\t\t<div class=\"elementor-carousel-image\" role=\"img\" aria-label=\"NEXIS Kunde: Post Schweiz\" style=\"background-image: url(&#039;https:\/\/de.nexis-secure.com\/wp-content\/uploads\/sites\/4\/Post-CH_neu.svg&#039;)\">\n\n\t\t\t\n\t\t\t\t\t<\/div>\n\t\t\t\t\t\t\t\t<\/div>\n\t\t\t\t\t\t\t\t\t\t\t<div class=\"swiper-slide\" role=\"group\" aria-roledescription=\"slide\">\n\t\t\t\t\t\t\t\t\t<div class=\"elementor-carousel-image\" role=\"img\" aria-label=\"NEXIS |\u00a0Kunden |\u00a0DZ Bank\" style=\"background-image: url(&#039;https:\/\/de.nexis-secure.com\/wp-content\/uploads\/sites\/4\/Nexis_Kunden_DZ-Bank.png&#039;)\">\n\n\t\t\t\n\t\t\t\t\t<\/div>\n\t\t\t\t\t\t\t\t<\/div>\n\t\t\t\t\t\t\t\t\t\t\t<div class=\"swiper-slide\" role=\"group\" aria-roledescription=\"slide\">\n\t\t\t\t\t\t\t\t\t<div class=\"elementor-carousel-image\" role=\"img\" aria-label=\"NEXIS Kunden: Finanz Informatik Technologie Service\" style=\"background-image: url(&#039;https:\/\/de.nexis-secure.com\/wp-content\/uploads\/sites\/4\/NEXIS_Kunden_FI-TS.svg&#039;)\">\n\n\t\t\t\n\t\t\t\t\t<\/div>\n\t\t\t\t\t\t\t\t<\/div>\n\t\t\t\t\t\t\t\t\t\t\t<div class=\"swiper-slide\" role=\"group\" aria-roledescription=\"slide\">\n\t\t\t\t\t\t\t\t\t<div class=\"elementor-carousel-image\" role=\"img\" aria-label=\"HCOB Logo\" style=\"background-image: url(&#039;https:\/\/de.nexis-secure.com\/wp-content\/uploads\/sites\/4\/HCOB_Logo_RZ_pos_RGB.png&#039;)\">\n\n\t\t\t\n\t\t\t\t\t<\/div>\n\t\t\t\t\t\t\t\t<\/div>\n\t\t\t\t\t\t\t\t\t\t\t<div class=\"swiper-slide\" role=\"group\" aria-roledescription=\"slide\">\n\t\t\t\t\t\t\t\t\t<div class=\"elementor-carousel-image\" role=\"img\" aria-label=\"HUK-Coburg\" style=\"background-image: url(&#039;https:\/\/de.nexis-secure.com\/wp-content\/uploads\/sites\/4\/Logo_Neu_Reinzeichnung.png&#039;)\">\n\n\t\t\t\n\t\t\t\t\t<\/div>\n\t\t\t\t\t\t\t\t<\/div>\n\t\t\t\t\t\t\t\t\t\t\t<div class=\"swiper-slide\" role=\"group\" aria-roledescription=\"slide\">\n\t\t\t\t\t\t\t\t\t<div class=\"elementor-carousel-image\" role=\"img\" aria-label=\"NEXIS |\u00a0Kunden |\u00a0Infineon\" style=\"background-image: url(&#039;https:\/\/de.nexis-secure.com\/wp-content\/uploads\/sites\/4\/Nexis_Kunden_Infineon.png&#039;)\">\n\n\t\t\t\n\t\t\t\t\t<\/div>\n\t\t\t\t\t\t\t\t<\/div>\n\t\t\t\t\t\t\t\t\t\t\t<div class=\"swiper-slide\" role=\"group\" aria-roledescription=\"slide\">\n\t\t\t\t\t\t\t\t\t<div class=\"elementor-carousel-image\" role=\"img\" aria-label=\"NEXIS 4 |\u00a0Kunden |\u00a0Krones\" style=\"background-image: url(&#039;https:\/\/de.nexis-secure.com\/wp-content\/uploads\/sites\/4\/Nexis_Kunden_Krones.png&#039;)\">\n\n\t\t\t\n\t\t\t\t\t<\/div>\n\t\t\t\t\t\t\t\t<\/div>\n\t\t\t\t\t\t\t\t\t\t\t<div class=\"swiper-slide\" role=\"group\" aria-roledescription=\"slide\">\n\t\t\t\t\t\t\t\t\t<div class=\"elementor-carousel-image\" role=\"img\" aria-label=\"NEXIS | Kunde | Union Investment\" style=\"background-image: url(&#039;https:\/\/de.nexis-secure.com\/wp-content\/uploads\/sites\/4\/UI_Logo_RGB-1024x309.png&#039;)\">\n\n\t\t\t\n\t\t\t\t\t<\/div>\n\t\t\t\t\t\t\t\t<\/div>\n\t\t\t\t\t\t\t\t\t\t\t<div class=\"swiper-slide\" role=\"group\" aria-roledescription=\"slide\">\n\t\t\t\t\t\t\t\t\t<div class=\"elementor-carousel-image\" role=\"img\" aria-label=\"NEXIS Kunde Viseca\" style=\"background-image: url(&#039;https:\/\/de.nexis-secure.com\/wp-content\/uploads\/sites\/4\/L_VIS_PaymentServices_MCV_4f_rgb_2207.png&#039;)\">\n\n\t\t\t\n\t\t\t\t\t<\/div>\n\t\t\t\t\t\t\t\t<\/div>\n\t\t\t\t\t\t\t\t\t\t\t<div class=\"swiper-slide\" role=\"group\" aria-roledescription=\"slide\">\n\t\t\t\t\t\t\t\t\t<div class=\"elementor-carousel-image\" role=\"img\" aria-label=\"Vontobel\" style=\"background-image: url(&#039;https:\/\/de.nexis-secure.com\/wp-content\/uploads\/sites\/4\/Vontobel_RGB_graphite.png&#039;)\">\n\n\t\t\t\n\t\t\t\t\t<\/div>\n\t\t\t\t\t\t\t\t<\/div>\n\t\t\t\t\t\t\t\t\t\t\t<div class=\"swiper-slide\" role=\"group\" aria-roledescription=\"slide\">\n\t\t\t\t\t\t\t\t\t<div class=\"elementor-carousel-image\" role=\"img\" aria-label=\"NEXIS |\u00a0Kunden |\u00a0W\u00fcstenrot |\u00a0W\u00fcrttembergische\" style=\"background-image: url(&#039;https:\/\/de.nexis-secure.com\/wp-content\/uploads\/sites\/4\/Nexis_Kunden_W-und-W.png&#039;)\">\n\n\t\t\t\n\t\t\t\t\t<\/div>\n\t\t\t\t\t\t\t\t<\/div>\n\t\t\t\t\t\t\t\t\t\t\t<div class=\"swiper-slide\" role=\"group\" aria-roledescription=\"slide\">\n\t\t\t\t\t\t\t\t\t<div class=\"elementor-carousel-image\" role=\"img\" aria-label=\"Swisscom_Logo\" style=\"background-image: url(&#039;https:\/\/de.nexis-secure.com\/wp-content\/uploads\/sites\/4\/Swisscom_Logo.webp&#039;)\">\n\n\t\t\t\n\t\t\t\t\t<\/div>\n\t\t\t\t\t\t\t\t<\/div>\n\t\t\t\t\t\t\t\t\t\t\t<div class=\"swiper-slide\" role=\"group\" aria-roledescription=\"slide\">\n\t\t\t\t\t\t\t\t\t<div class=\"elementor-carousel-image\" role=\"img\" aria-label=\"helvetia-logo\" style=\"background-image: url(&#039;https:\/\/de.nexis-secure.com\/wp-content\/uploads\/sites\/4\/helvetia-logo.png&#039;)\">\n\n\t\t\t\n\t\t\t\t\t<\/div>\n\t\t\t\t\t\t\t\t<\/div>\n\t\t\t\t\t\t\t\t\t<\/div>\n\t\t\t\t\t\t\t\t\t\t\t\t\t\t\t\t\t\t\t\t\t<\/div>\n\t\t\t\t<\/div>\n\t\t\t\t\t\t\t\t<\/div>\n\t\t\t\t<\/div>\n\t\t\t\t<\/div>\n\t\t\t\t<\/div>\n\t\t","protected":false},"excerpt":{"rendered":"<p>Webinar Scalable IAM Governance with NEXIS Laden Sie unser Webinar mit den IAM-Experten Alexander Puchta und Dr. Heiko Klarl runter und entdecken Sie das volle Potenzial von NEXIS IAM Governance. [&hellip;]<\/p>\n","protected":false},"author":24,"featured_media":0,"parent":0,"menu_order":0,"comment_status":"closed","ping_status":"closed","template":"","meta":{"_acf_changed":false,"content-type":"","footnotes":""},"class_list":["post-24912","page","type-page","status-publish","hentry"],"acf":[],"yoast_head":"<!-- This site is optimized with the Yoast SEO plugin v25.8 - https:\/\/yoast.com\/wordpress\/plugins\/seo\/ -->\n<title>Webinar Anmeldung NEXIS IAM Governance - NEXIS - Enter a new level of Enterprise Authorization Governance<\/title>\n<meta name=\"robots\" content=\"index, follow, max-snippet:-1, max-image-preview:large, max-video-preview:-1\" \/>\n<link rel=\"canonical\" href=\"https:\/\/de.nexis-secure.com\/de\/webinar-nexis-iam-governance\/\" \/>\n<meta property=\"og:locale\" content=\"en_US\" \/>\n<meta property=\"og:type\" content=\"article\" \/>\n<meta property=\"og:title\" content=\"Webinar Anmeldung NEXIS IAM Governance - NEXIS - Enter a new level of Enterprise Authorization Governance\" \/>\n<meta property=\"og:description\" content=\"Webinar Scalable IAM Governance with NEXIS Laden Sie unser Webinar mit den IAM-Experten Alexander Puchta und Dr. Heiko Klarl runter und entdecken Sie das volle Potenzial von NEXIS IAM Governance. [&hellip;]\" \/>\n<meta property=\"og:url\" content=\"https:\/\/de.nexis-secure.com\/webinar-nexis-iam-governance\/\" \/>\n<meta property=\"og:site_name\" content=\"NEXIS - Enter a new level of Enterprise Authorization Governance\" \/>\n<meta property=\"article:modified_time\" content=\"2025-08-06T10:04:35+00:00\" \/>\n<meta name=\"twitter:card\" content=\"summary_large_image\" \/>\n<meta name=\"twitter:label1\" content=\"Est. reading time\" \/>\n\t<meta name=\"twitter:data1\" content=\"2 minutes\" \/>\n<script type=\"application\/ld+json\" class=\"yoast-schema-graph\">{\"@context\":\"https:\/\/schema.org\",\"@graph\":[{\"@type\":\"WebPage\",\"@id\":\"https:\/\/de.nexis-secure.com\/webinar-nexis-iam-governance\/\",\"url\":\"https:\/\/de.nexis-secure.com\/webinar-nexis-iam-governance\/\",\"name\":\"Webinar Anmeldung NEXIS IAM Governance - NEXIS - Enter a new level of Enterprise Authorization Governance\",\"isPartOf\":{\"@id\":\"https:\/\/de.nexis-secure.com\/de\/#website\"},\"datePublished\":\"2025-06-23T14:30:16+00:00\",\"dateModified\":\"2025-08-06T10:04:35+00:00\",\"breadcrumb\":{\"@id\":\"https:\/\/de.nexis-secure.com\/webinar-nexis-iam-governance\/#breadcrumb\"},\"inLanguage\":\"en-US\",\"potentialAction\":[{\"@type\":\"ReadAction\",\"target\":[\"https:\/\/de.nexis-secure.com\/webinar-nexis-iam-governance\/\"]}]},{\"@type\":\"BreadcrumbList\",\"@id\":\"https:\/\/de.nexis-secure.com\/webinar-nexis-iam-governance\/#breadcrumb\",\"itemListElement\":[{\"@type\":\"ListItem\",\"position\":1,\"name\":\"Startseite\",\"item\":\"https:\/\/de.nexis-secure.com\/\"},{\"@type\":\"ListItem\",\"position\":2,\"name\":\"Webinar Anmeldung NEXIS IAM Governance\"}]},{\"@type\":\"WebSite\",\"@id\":\"https:\/\/de.nexis-secure.com\/de\/#website\",\"url\":\"https:\/\/de.nexis-secure.com\/de\/\",\"name\":\"NEXIS - Enter a new level of Enterprise Authorization Governance\",\"description\":\"\",\"publisher\":{\"@id\":\"https:\/\/de.nexis-secure.com\/de\/#organization\"},\"potentialAction\":[{\"@type\":\"SearchAction\",\"target\":{\"@type\":\"EntryPoint\",\"urlTemplate\":\"https:\/\/de.nexis-secure.com\/de\/?s={search_term_string}\"},\"query-input\":{\"@type\":\"PropertyValueSpecification\",\"valueRequired\":true,\"valueName\":\"search_term_string\"}}],\"inLanguage\":\"en-US\"},{\"@type\":\"Organization\",\"@id\":\"https:\/\/de.nexis-secure.com\/de\/#organization\",\"name\":\"NEXIS - Enter a new level of Enterprise Authorization Governance\",\"url\":\"https:\/\/de.nexis-secure.com\/de\/\",\"logo\":{\"@type\":\"ImageObject\",\"inLanguage\":\"en-US\",\"@id\":\"https:\/\/de.nexis-secure.com\/de\/#\/schema\/logo\/image\/\",\"url\":\"https:\/\/de.nexis-secure.com\/wp-content\/uploads\/sites\/4\/2021_NEXIS_Logo.svg\",\"contentUrl\":\"https:\/\/de.nexis-secure.com\/wp-content\/uploads\/sites\/4\/2021_NEXIS_Logo.svg\",\"width\":2820,\"height\":622,\"caption\":\"NEXIS - Enter a new level of Enterprise Authorization Governance\"},\"image\":{\"@id\":\"https:\/\/de.nexis-secure.com\/de\/#\/schema\/logo\/image\/\"}}]}<\/script>\n<!-- \/ Yoast SEO plugin. -->","yoast_head_json":{"title":"Webinar Anmeldung NEXIS IAM Governance - NEXIS - Enter a new level of Enterprise Authorization Governance","robots":{"index":"index","follow":"follow","max-snippet":"max-snippet:-1","max-image-preview":"max-image-preview:large","max-video-preview":"max-video-preview:-1"},"canonical":"https:\/\/de.nexis-secure.com\/de\/webinar-nexis-iam-governance\/","og_locale":"en_US","og_type":"article","og_title":"Webinar Anmeldung NEXIS IAM Governance - NEXIS - Enter a new level of Enterprise Authorization Governance","og_description":"Webinar Scalable IAM Governance with NEXIS Laden Sie unser Webinar mit den IAM-Experten Alexander Puchta und Dr. Heiko Klarl runter und entdecken Sie das volle Potenzial von NEXIS IAM Governance. [&hellip;]","og_url":"https:\/\/de.nexis-secure.com\/webinar-nexis-iam-governance\/","og_site_name":"NEXIS - Enter a new level of Enterprise Authorization Governance","article_modified_time":"2025-08-06T10:04:35+00:00","twitter_card":"summary_large_image","twitter_misc":{"Est. reading time":"2 minutes"},"schema":{"@context":"https:\/\/schema.org","@graph":[{"@type":"WebPage","@id":"https:\/\/de.nexis-secure.com\/webinar-nexis-iam-governance\/","url":"https:\/\/de.nexis-secure.com\/webinar-nexis-iam-governance\/","name":"Webinar Anmeldung NEXIS IAM Governance - NEXIS - Enter a new level of Enterprise Authorization Governance","isPartOf":{"@id":"https:\/\/de.nexis-secure.com\/de\/#website"},"datePublished":"2025-06-23T14:30:16+00:00","dateModified":"2025-08-06T10:04:35+00:00","breadcrumb":{"@id":"https:\/\/de.nexis-secure.com\/webinar-nexis-iam-governance\/#breadcrumb"},"inLanguage":"en-US","potentialAction":[{"@type":"ReadAction","target":["https:\/\/de.nexis-secure.com\/webinar-nexis-iam-governance\/"]}]},{"@type":"BreadcrumbList","@id":"https:\/\/de.nexis-secure.com\/webinar-nexis-iam-governance\/#breadcrumb","itemListElement":[{"@type":"ListItem","position":1,"name":"Startseite","item":"https:\/\/de.nexis-secure.com\/"},{"@type":"ListItem","position":2,"name":"Webinar Anmeldung NEXIS IAM Governance"}]},{"@type":"WebSite","@id":"https:\/\/de.nexis-secure.com\/de\/#website","url":"https:\/\/de.nexis-secure.com\/de\/","name":"NEXIS - Enter a new level of Enterprise Authorization Governance","description":"","publisher":{"@id":"https:\/\/de.nexis-secure.com\/de\/#organization"},"potentialAction":[{"@type":"SearchAction","target":{"@type":"EntryPoint","urlTemplate":"https:\/\/de.nexis-secure.com\/de\/?s={search_term_string}"},"query-input":{"@type":"PropertyValueSpecification","valueRequired":true,"valueName":"search_term_string"}}],"inLanguage":"en-US"},{"@type":"Organization","@id":"https:\/\/de.nexis-secure.com\/de\/#organization","name":"NEXIS - Enter a new level of Enterprise Authorization Governance","url":"https:\/\/de.nexis-secure.com\/de\/","logo":{"@type":"ImageObject","inLanguage":"en-US","@id":"https:\/\/de.nexis-secure.com\/de\/#\/schema\/logo\/image\/","url":"https:\/\/de.nexis-secure.com\/wp-content\/uploads\/sites\/4\/2021_NEXIS_Logo.svg","contentUrl":"https:\/\/de.nexis-secure.com\/wp-content\/uploads\/sites\/4\/2021_NEXIS_Logo.svg","width":2820,"height":622,"caption":"NEXIS - Enter a new level of Enterprise Authorization Governance"},"image":{"@id":"https:\/\/de.nexis-secure.com\/de\/#\/schema\/logo\/image\/"}}]}},"_links":{"self":[{"href":"https:\/\/de.nexis-secure.com\/de\/wp-json\/wp\/v2\/pages\/24912","targetHints":{"allow":["GET"]}}],"collection":[{"href":"https:\/\/de.nexis-secure.com\/de\/wp-json\/wp\/v2\/pages"}],"about":[{"href":"https:\/\/de.nexis-secure.com\/de\/wp-json\/wp\/v2\/types\/page"}],"author":[{"embeddable":true,"href":"https:\/\/de.nexis-secure.com\/de\/wp-json\/wp\/v2\/users\/24"}],"replies":[{"embeddable":true,"href":"https:\/\/de.nexis-secure.com\/de\/wp-json\/wp\/v2\/comments?post=24912"}],"version-history":[{"count":10,"href":"https:\/\/de.nexis-secure.com\/de\/wp-json\/wp\/v2\/pages\/24912\/revisions"}],"predecessor-version":[{"id":26860,"href":"https:\/\/de.nexis-secure.com\/de\/wp-json\/wp\/v2\/pages\/24912\/revisions\/26860"}],"wp:attachment":[{"href":"https:\/\/de.nexis-secure.com\/de\/wp-json\/wp\/v2\/media?parent=24912"}],"curies":[{"name":"wp","href":"https:\/\/api.w.org\/{rel}","templated":true}]}}