{"id":194,"date":"2021-05-05T08:47:26","date_gmt":"2021-05-05T06:47:26","guid":{"rendered":"http:\/\/de.nexis-secure.com\/?page_id=194"},"modified":"2025-08-27T15:26:16","modified_gmt":"2025-08-27T13:26:16","slug":"kontakt","status":"publish","type":"page","link":"https:\/\/de.nexis-secure.com\/kontakt\/","title":{"rendered":"Kontakt"},"content":{"rendered":"\t\t<div data-elementor-type=\"wp-page\" data-elementor-id=\"194\" class=\"elementor elementor-194\" data-elementor-post-type=\"page\">\n\t\t\t\t<div class=\"elementor-element elementor-element-a6bd0de e-flex e-con-boxed elementor-invisible e-con e-parent\" data-id=\"a6bd0de\" data-element_type=\"container\" data-settings=\"{&quot;animation&quot;:&quot;fadeInUp&quot;}\">\n\t\t\t\t\t<div class=\"e-con-inner\">\n\t\t<div class=\"elementor-element elementor-element-ef8775f e-con-full e-flex e-con e-child\" data-id=\"ef8775f\" data-element_type=\"container\">\n\t\t\t\t<div class=\"elementor-element elementor-element-54a9d23 elementor-widget elementor-widget-heading\" data-id=\"54a9d23\" data-element_type=\"widget\" data-widget_type=\"heading.default\">\n\t\t\t\t<div class=\"elementor-widget-container\">\n\t\t\t\t\t<h1 class=\"elementor-heading-title elementor-size-default\">Wir sind f\u00fcr Sie da!<\/h1>\t\t\t\t<\/div>\n\t\t\t\t<\/div>\n\t\t\t\t<div class=\"elementor-element elementor-element-cc8788e elementor-widget elementor-widget-heading\" data-id=\"cc8788e\" data-element_type=\"widget\" data-widget_type=\"heading.default\">\n\t\t\t\t<div class=\"elementor-widget-container\">\n\t\t\t\t\t<h3 class=\"elementor-heading-title elementor-size-default\">Nehmen Sie Kontakt mit uns auf.<\/h3>\t\t\t\t<\/div>\n\t\t\t\t<\/div>\n\t\t<div class=\"elementor-element elementor-element-738da7d container--small e-con-full e-flex e-con e-child\" data-id=\"738da7d\" data-element_type=\"container\">\n\t\t<div class=\"elementor-element elementor-element-6de72fa e-con-full e-flex e-con e-child\" data-id=\"6de72fa\" data-element_type=\"container\">\n\t\t\t\t<div class=\"elementor-element elementor-element-cf15dba elementor-widget elementor-widget-text-editor\" data-id=\"cf15dba\" data-element_type=\"widget\" data-widget_type=\"text-editor.default\">\n\t\t\t\t<div class=\"elementor-widget-container\">\n\t\t\t\t\t\t\t\t\t<p>NEXIS GmbH<br>Rudolf-Vogt-Str. 6<br>93053 Regensburg, Germany<\/p>\n<p><a href=\"tel:+4994185097900\">+49 941 85097900<\/a><br><a href=\"mailto:contact@de.nexis-secure.com\">contact@de.nexis-secure.com&nbsp;<\/a><\/p>\t\t\t\t\t\t\t\t<\/div>\n\t\t\t\t<\/div>\n\t\t\t\t<div class=\"elementor-element elementor-element-f558cea elementor-widget elementor-widget-text-editor\" data-id=\"f558cea\" data-element_type=\"widget\" data-widget_type=\"text-editor.default\">\n\t\t\t\t<div class=\"elementor-widget-container\">\n\t\t\t\t\t\t\t\t\t<p>Haben Sie Fragen oder Anregungen? Schreiben Sie uns!<\/p>\t\t\t\t\t\t\t\t<\/div>\n\t\t\t\t<\/div>\n\t\t\t\t<div class=\"elementor-element elementor-element-d8bdb2d elementor-widget elementor-widget-hubspot-form\" data-id=\"d8bdb2d\" data-element_type=\"widget\" data-widget_type=\"hubspot-form.default\">\n\t\t\t\t<div class=\"elementor-widget-container\">\n\t\t\t\t\t\n\t\t\t\t\t\t<script>\n\t\t\t\t\t\t\twindow.hsFormsOnReady = window.hsFormsOnReady || [];\n\t\t\t\t\t\t\twindow.hsFormsOnReady.push(()=>{\n\t\t\t\t\t\t\t\thbspt.forms.create({\n\t\t\t\t\t\t\t\t\tportalId: 145704772,\n\t\t\t\t\t\t\t\t\tformId: \"9efaa0e3-a107-44fe-a7eb-0e60258e4bf6\",\n\t\t\t\t\t\t\t\t\ttarget: \"#hbspt-form-1775313828000-4374788608\",\n\t\t\t\t\t\t\t\t\tregion: \"eu1\",\n\t\t\t\t\t\t\t\t\t\n\t\t\t\t\t\t\t})});\n\t\t\t\t\t\t<\/script>\n\t\t\t\t\t\t<div class=\"hbspt-form\" id=\"hbspt-form-1775313828000-4374788608\"><\/div>\t\t\t\t<\/div>\n\t\t\t\t<\/div>\n\t\t\t\t<\/div>\n\t\t\t\t<\/div>\n\t\t\t\t<\/div>\n\t\t\t\t\t<\/div>\n\t\t\t\t<\/div>\n\t\t\t\t<\/div>\n\t\t","protected":false},"excerpt":{"rendered":"<p>Wir sind f\u00fcr Sie da! Nehmen Sie Kontakt mit uns auf. NEXIS GmbHRudolf-Vogt-Str. 693053 Regensburg, Germany +49 941 85097900contact@de.nexis-secure.com&nbsp; Haben Sie Fragen oder Anregungen? Schreiben Sie uns!<\/p>\n","protected":false},"author":1,"featured_media":0,"parent":0,"menu_order":0,"comment_status":"closed","ping_status":"closed","template":"","meta":{"_acf_changed":false,"content-type":"","footnotes":""},"class_list":["post-194","page","type-page","status-publish","hentry"],"acf":[],"yoast_head":"<!-- This site is optimized with the Yoast SEO plugin v25.8 - https:\/\/yoast.com\/wordpress\/plugins\/seo\/ -->\n<title>Kontakt - NEXIS - Enter a new level of Enterprise Authorization Governance<\/title>\n<meta name=\"description\" content=\"Wir von NEXIS sind f\u00fcr Sie da und freuen uns wenn Sie mit uns Kontakt aufnehmen. Hier finden Sie s\u00e4mtliche Kontaktm\u00f6glichkeiten.\" \/>\n<meta name=\"robots\" content=\"index, follow, max-snippet:-1, max-image-preview:large, max-video-preview:-1\" \/>\n<link rel=\"canonical\" href=\"https:\/\/de.nexis-secure.com\/de\/kontakt\/\" \/>\n<meta property=\"og:locale\" content=\"en_US\" \/>\n<meta property=\"og:type\" content=\"article\" \/>\n<meta property=\"og:title\" content=\"Kontakt - NEXIS - Enter a new level of Enterprise Authorization Governance\" \/>\n<meta property=\"og:description\" content=\"Wir von NEXIS sind f\u00fcr Sie da und freuen uns wenn Sie mit uns Kontakt aufnehmen. Hier finden Sie s\u00e4mtliche Kontaktm\u00f6glichkeiten.\" \/>\n<meta property=\"og:url\" content=\"https:\/\/de.nexis-secure.com\/kontakt\/\" \/>\n<meta property=\"og:site_name\" content=\"NEXIS - Enter a new level of Enterprise Authorization Governance\" \/>\n<meta property=\"article:modified_time\" content=\"2025-08-27T13:26:16+00:00\" \/>\n<meta name=\"twitter:card\" content=\"summary_large_image\" \/>\n<meta name=\"twitter:label1\" content=\"Est. reading time\" \/>\n\t<meta name=\"twitter:data1\" content=\"1 minute\" \/>\n<script type=\"application\/ld+json\" class=\"yoast-schema-graph\">{\"@context\":\"https:\/\/schema.org\",\"@graph\":[{\"@type\":\"WebPage\",\"@id\":\"https:\/\/de.nexis-secure.com\/kontakt\/\",\"url\":\"https:\/\/de.nexis-secure.com\/kontakt\/\",\"name\":\"Kontakt - NEXIS - Enter a new level of Enterprise Authorization Governance\",\"isPartOf\":{\"@id\":\"https:\/\/de.nexis-secure.com\/de\/#website\"},\"datePublished\":\"2021-05-05T06:47:26+00:00\",\"dateModified\":\"2025-08-27T13:26:16+00:00\",\"description\":\"Wir von NEXIS sind f\u00fcr Sie da und freuen uns wenn Sie mit uns Kontakt aufnehmen. Hier finden Sie s\u00e4mtliche Kontaktm\u00f6glichkeiten.\",\"breadcrumb\":{\"@id\":\"https:\/\/de.nexis-secure.com\/kontakt\/#breadcrumb\"},\"inLanguage\":\"en-US\",\"potentialAction\":[{\"@type\":\"ReadAction\",\"target\":[\"https:\/\/de.nexis-secure.com\/kontakt\/\"]}]},{\"@type\":\"BreadcrumbList\",\"@id\":\"https:\/\/de.nexis-secure.com\/kontakt\/#breadcrumb\",\"itemListElement\":[{\"@type\":\"ListItem\",\"position\":1,\"name\":\"Startseite\",\"item\":\"https:\/\/de.nexis-secure.com\/\"},{\"@type\":\"ListItem\",\"position\":2,\"name\":\"Kontakt\"}]},{\"@type\":\"WebSite\",\"@id\":\"https:\/\/de.nexis-secure.com\/de\/#website\",\"url\":\"https:\/\/de.nexis-secure.com\/de\/\",\"name\":\"NEXIS - Enter a new level of Enterprise Authorization Governance\",\"description\":\"\",\"publisher\":{\"@id\":\"https:\/\/de.nexis-secure.com\/de\/#organization\"},\"potentialAction\":[{\"@type\":\"SearchAction\",\"target\":{\"@type\":\"EntryPoint\",\"urlTemplate\":\"https:\/\/de.nexis-secure.com\/de\/?s={search_term_string}\"},\"query-input\":{\"@type\":\"PropertyValueSpecification\",\"valueRequired\":true,\"valueName\":\"search_term_string\"}}],\"inLanguage\":\"en-US\"},{\"@type\":\"Organization\",\"@id\":\"https:\/\/de.nexis-secure.com\/de\/#organization\",\"name\":\"NEXIS - Enter a new level of Enterprise Authorization Governance\",\"url\":\"https:\/\/de.nexis-secure.com\/de\/\",\"logo\":{\"@type\":\"ImageObject\",\"inLanguage\":\"en-US\",\"@id\":\"https:\/\/de.nexis-secure.com\/de\/#\/schema\/logo\/image\/\",\"url\":\"https:\/\/de.nexis-secure.com\/wp-content\/uploads\/sites\/4\/2021_NEXIS_Logo.svg\",\"contentUrl\":\"https:\/\/de.nexis-secure.com\/wp-content\/uploads\/sites\/4\/2021_NEXIS_Logo.svg\",\"width\":2820,\"height\":622,\"caption\":\"NEXIS - Enter a new level of Enterprise Authorization Governance\"},\"image\":{\"@id\":\"https:\/\/de.nexis-secure.com\/de\/#\/schema\/logo\/image\/\"}}]}<\/script>\n<!-- \/ Yoast SEO plugin. -->","yoast_head_json":{"title":"Kontakt - NEXIS - Enter a new level of Enterprise Authorization Governance","description":"Wir von NEXIS sind f\u00fcr Sie da und freuen uns wenn Sie mit uns Kontakt aufnehmen. Hier finden Sie s\u00e4mtliche Kontaktm\u00f6glichkeiten.","robots":{"index":"index","follow":"follow","max-snippet":"max-snippet:-1","max-image-preview":"max-image-preview:large","max-video-preview":"max-video-preview:-1"},"canonical":"https:\/\/de.nexis-secure.com\/de\/kontakt\/","og_locale":"en_US","og_type":"article","og_title":"Kontakt - NEXIS - Enter a new level of Enterprise Authorization Governance","og_description":"Wir von NEXIS sind f\u00fcr Sie da und freuen uns wenn Sie mit uns Kontakt aufnehmen. Hier finden Sie s\u00e4mtliche Kontaktm\u00f6glichkeiten.","og_url":"https:\/\/de.nexis-secure.com\/kontakt\/","og_site_name":"NEXIS - Enter a new level of Enterprise Authorization Governance","article_modified_time":"2025-08-27T13:26:16+00:00","twitter_card":"summary_large_image","twitter_misc":{"Est. reading time":"1 minute"},"schema":{"@context":"https:\/\/schema.org","@graph":[{"@type":"WebPage","@id":"https:\/\/de.nexis-secure.com\/kontakt\/","url":"https:\/\/de.nexis-secure.com\/kontakt\/","name":"Kontakt - NEXIS - Enter a new level of Enterprise Authorization Governance","isPartOf":{"@id":"https:\/\/de.nexis-secure.com\/de\/#website"},"datePublished":"2021-05-05T06:47:26+00:00","dateModified":"2025-08-27T13:26:16+00:00","description":"Wir von NEXIS sind f\u00fcr Sie da und freuen uns wenn Sie mit uns Kontakt aufnehmen. Hier finden Sie s\u00e4mtliche Kontaktm\u00f6glichkeiten.","breadcrumb":{"@id":"https:\/\/de.nexis-secure.com\/kontakt\/#breadcrumb"},"inLanguage":"en-US","potentialAction":[{"@type":"ReadAction","target":["https:\/\/de.nexis-secure.com\/kontakt\/"]}]},{"@type":"BreadcrumbList","@id":"https:\/\/de.nexis-secure.com\/kontakt\/#breadcrumb","itemListElement":[{"@type":"ListItem","position":1,"name":"Startseite","item":"https:\/\/de.nexis-secure.com\/"},{"@type":"ListItem","position":2,"name":"Kontakt"}]},{"@type":"WebSite","@id":"https:\/\/de.nexis-secure.com\/de\/#website","url":"https:\/\/de.nexis-secure.com\/de\/","name":"NEXIS - Enter a new level of Enterprise Authorization Governance","description":"","publisher":{"@id":"https:\/\/de.nexis-secure.com\/de\/#organization"},"potentialAction":[{"@type":"SearchAction","target":{"@type":"EntryPoint","urlTemplate":"https:\/\/de.nexis-secure.com\/de\/?s={search_term_string}"},"query-input":{"@type":"PropertyValueSpecification","valueRequired":true,"valueName":"search_term_string"}}],"inLanguage":"en-US"},{"@type":"Organization","@id":"https:\/\/de.nexis-secure.com\/de\/#organization","name":"NEXIS - Enter a new level of Enterprise Authorization Governance","url":"https:\/\/de.nexis-secure.com\/de\/","logo":{"@type":"ImageObject","inLanguage":"en-US","@id":"https:\/\/de.nexis-secure.com\/de\/#\/schema\/logo\/image\/","url":"https:\/\/de.nexis-secure.com\/wp-content\/uploads\/sites\/4\/2021_NEXIS_Logo.svg","contentUrl":"https:\/\/de.nexis-secure.com\/wp-content\/uploads\/sites\/4\/2021_NEXIS_Logo.svg","width":2820,"height":622,"caption":"NEXIS - Enter a new level of Enterprise Authorization Governance"},"image":{"@id":"https:\/\/de.nexis-secure.com\/de\/#\/schema\/logo\/image\/"}}]}},"_links":{"self":[{"href":"https:\/\/de.nexis-secure.com\/de\/wp-json\/wp\/v2\/pages\/194","targetHints":{"allow":["GET"]}}],"collection":[{"href":"https:\/\/de.nexis-secure.com\/de\/wp-json\/wp\/v2\/pages"}],"about":[{"href":"https:\/\/de.nexis-secure.com\/de\/wp-json\/wp\/v2\/types\/page"}],"author":[{"embeddable":true,"href":"https:\/\/de.nexis-secure.com\/de\/wp-json\/wp\/v2\/users\/1"}],"replies":[{"embeddable":true,"href":"https:\/\/de.nexis-secure.com\/de\/wp-json\/wp\/v2\/comments?post=194"}],"version-history":[{"count":10,"href":"https:\/\/de.nexis-secure.com\/de\/wp-json\/wp\/v2\/pages\/194\/revisions"}],"predecessor-version":[{"id":27296,"href":"https:\/\/de.nexis-secure.com\/de\/wp-json\/wp\/v2\/pages\/194\/revisions\/27296"}],"wp:attachment":[{"href":"https:\/\/de.nexis-secure.com\/de\/wp-json\/wp\/v2\/media?parent=194"}],"curies":[{"name":"wp","href":"https:\/\/api.w.org\/{rel}","templated":true}]}}